{"id":1016,"date":"2021-04-28T20:28:01","date_gmt":"2021-04-28T18:28:01","guid":{"rendered":"https:\/\/zafusetfutons.com\/?page_id=1016"},"modified":"2024-04-06T12:30:54","modified_gmt":"2024-04-06T10:30:54","slug":"liens","status":"publish","type":"page","link":"https:\/\/zafusetfutons.com\/index.php\/liens\/","title":{"rendered":"liens"},"content":{"rendered":"\n<div class=\"wp-block-group\"><div class=\"wp-block-group__inner-container is-layout-constrained wp-block-group-is-layout-constrained\">\n<div class=\"wp-block-columns is-layout-flex wp-container-core-columns-is-layout-9d6595d7 wp-block-columns-is-layout-flex\">\n<div class=\"wp-block-column is-layout-flow wp-block-column-is-layout-flow\" style=\"flex-basis:100%\">\n<p><\/p>\n\n\n\n<div class=\"wp-block-media-text alignwide is-stacked-on-mobile\"><figure class=\"wp-block-media-text__media\"><img decoding=\"async\" src=\"https:\/\/image.jimcdn.com\/app\/cms\/image\/transf\/dimension=1920x400:format=jpg\/path\/see84e87592c088ee\/image\/idddd0bf5e38888af\/version\/1580676385\/image.jpg\" alt=\"\"\/><\/figure><div class=\"wp-block-media-text__content\">\n<p><a href=\"https:\/\/www.faitadessein.com\/\" data-type=\"URL\" data-id=\"https:\/\/www.faitadessein.com\/\" target=\"_blank\" rel=\"noreferrer noopener\">Fait \u00e0 dessein<\/a> <\/p>\n\n\n\n<p>fabrication de tipi, bell tent-tente inuit, toile de yourte&#8230;<\/p>\n<\/div><\/div>\n<\/div>\n<\/div>\n<\/div><\/div>\n\n\n\n<div class=\"wp-block-media-text alignwide has-media-on-the-right is-stacked-on-mobile\" style=\"grid-template-columns:auto 72%\"><div class=\"wp-block-media-text__content\">\n<p><a href=\"https:\/\/www.filaturedeniaux.com\/\" data-type=\"URL\" data-id=\"https:\/\/www.filaturedeniaux.com\/\" target=\"_blank\" rel=\"noreferrer noopener\">Filature de Niaux<\/a><\/p>\n<\/div><figure class=\"wp-block-media-text__media\"><img decoding=\"async\" src=\"https:\/\/www.filaturedeniaux.com\/wp-content\/uploads\/2020\/05\/cropped-sibada-laine-filature-de-niaux-en-tete-6-net.jpg\" alt=\"Filature de Niaux\"\/><\/figure><\/div>\n\n\n\n<div class=\"wp-block-media-text is-stacked-on-mobile\" style=\"grid-template-columns:59% auto\"><figure class=\"wp-block-media-text__media\"><img decoding=\"async\" src=\"https:\/\/boisetgravure.com\/wp-content\/uploads\/2019\/11\/cropped-bandeau-boisetgravure-1.png\" alt=\"bois et gravure\"\/><\/figure><div class=\"wp-block-media-text__content\">\n<p><a href=\"https:\/\/boisetgravure.com\/\" target=\"_blank\" rel=\"noopener noreferrer\">Bois et Gravure<\/a><\/p>\n\n\n\n<p>Panneaux &amp; enseignes, signal\u00e9tique en bois grav\u00e9&#8230;<\/p>\n<\/div><\/div>\n\n\n\n<div class=\"wp-block-media-text has-media-on-the-right is-stacked-on-mobile is-style-default\"><div class=\"wp-block-media-text__content\">\n<p>Shiatsu, soins et centre de formation \u00e0 Toulouse : <a href=\"https:\/\/anatsu.fr\/\" data-type=\"link\" data-id=\"https:\/\/anatsu.fr\/\">https:\/\/anatsu.fr\/<\/a><\/p>\n<\/div><figure class=\"wp-block-media-text__media\"><img decoding=\"async\" src=\"https:\/\/anatsu.fr\/wp-content\/uploads\/2024\/01\/meridiens-Vieux-Chinois-3-817x1024.png\" alt=\"\"\/><\/figure><\/div>\n\n\n\n<div class=\"wp-block-media-text is-stacked-on-mobile\"><figure class=\"wp-block-media-text__media\"><img decoding=\"async\" src=\"https:\/\/static.wixstatic.com\/media\/a82aab_f6391c5850394281bcb9b6511f248d54~mv2.jpg\/v1\/fill\/w_1077,h_808,al_c,q_85,usm_0.66_1.00_0.01,enc_auto\/a82aab_f6391c5850394281bcb9b6511f248d54~mv2.jpg\" alt=\"IMG_20191213_123821 le shiatsu\"\/><\/figure><div class=\"wp-block-media-text__content\">\n<p>Soins shiatsu, \u00e0 Lisbonne&#8230;!<\/p>\n\n\n\n<p><a href=\"https:\/\/www.shiatsulisboa.com\/\">https:\/\/www.shiatsulisboa.com\/<\/a><\/p>\n<\/div><\/div>\n\n\n\n<div class=\"wp-block-media-text has-media-on-the-right is-stacked-on-mobile\" style=\"grid-template-columns:auto 61%\"><div class=\"wp-block-media-text__content\">\n<p><a href=\"https:\/\/elisabethrigot.jimdofree.com\/\" target=\"_blank\" rel=\"noopener noreferrer\">Rigot Elisabeth<\/a> , artiste, graveuse sur lino et bois d\u00e9coup\u00e9&#8230;<\/p>\n<\/div><figure class=\"wp-block-media-text__media\"><img decoding=\"async\" src=\"https:\/\/image.jimcdn.com\/app\/cms\/image\/transf\/dimension=666x10000:format=jpg\/path\/sdd84f39b3f09fbb0\/image\/ie9297ac1fe078e56\/version\/1591894352\/image.jpg\" alt=\"Soleil couchant . 2020\"\/><\/figure><\/div>\n","protected":false},"excerpt":{"rendered":"<p>Fait \u00e0 dessein fabrication de tipi, bell tent-tente inuit, toile de yourte&#8230; Filature de Niaux Bois et Gravure Panneaux &amp; enseignes, signal\u00e9tique en bois grav\u00e9&#8230; Shiatsu, soins et centre de formation \u00e0 Toulouse : https:\/\/anatsu.fr\/ Soins shiatsu, \u00e0 Lisbonne&#8230;! https:\/\/www.shiatsulisboa.com\/ Rigot Elisabeth , artiste, graveuse sur lino et bois d\u00e9coup\u00e9&#8230;<\/p>\n","protected":false},"author":1,"featured_media":1036,"parent":0,"menu_order":0,"comment_status":"closed","ping_status":"closed","template":"","meta":{"footnotes":""},"class_list":["post-1016","page","type-page","status-publish","has-post-thumbnail","hentry"],"_links":{"self":[{"href":"https:\/\/zafusetfutons.com\/index.php\/wp-json\/wp\/v2\/pages\/1016","targetHints":{"allow":["GET"]}}],"collection":[{"href":"https:\/\/zafusetfutons.com\/index.php\/wp-json\/wp\/v2\/pages"}],"about":[{"href":"https:\/\/zafusetfutons.com\/index.php\/wp-json\/wp\/v2\/types\/page"}],"author":[{"embeddable":true,"href":"https:\/\/zafusetfutons.com\/index.php\/wp-json\/wp\/v2\/users\/1"}],"replies":[{"embeddable":true,"href":"https:\/\/zafusetfutons.com\/index.php\/wp-json\/wp\/v2\/comments?post=1016"}],"version-history":[{"count":30,"href":"https:\/\/zafusetfutons.com\/index.php\/wp-json\/wp\/v2\/pages\/1016\/revisions"}],"predecessor-version":[{"id":1792,"href":"https:\/\/zafusetfutons.com\/index.php\/wp-json\/wp\/v2\/pages\/1016\/revisions\/1792"}],"wp:featuredmedia":[{"embeddable":true,"href":"https:\/\/zafusetfutons.com\/index.php\/wp-json\/wp\/v2\/media\/1036"}],"wp:attachment":[{"href":"https:\/\/zafusetfutons.com\/index.php\/wp-json\/wp\/v2\/media?parent=1016"}],"curies":[{"name":"wp","href":"https:\/\/api.w.org\/{rel}","templated":true}]}}