{"id":109,"date":"2019-02-11T10:14:30","date_gmt":"2019-02-11T09:14:30","guid":{"rendered":"http:\/\/zafusetfutons.com\/?page_id=109"},"modified":"2025-12-01T10:24:42","modified_gmt":"2025-12-01T09:24:42","slug":"acceuil","status":"publish","type":"page","link":"https:\/\/zafusetfutons.com\/index.php\/acceuil\/","title":{"rendered":"zafus"},"content":{"rendered":"\n<div class=\"wp-block-media-text is-stacked-on-mobile\" style=\"grid-template-columns:35% auto\"><figure class=\"wp-block-media-text__media\"><img loading=\"lazy\" decoding=\"async\" width=\"700\" height=\"371\" src=\"https:\/\/zafusetfutons.com\/wp-content\/uploads\/2025\/12\/zafu-et-zafuton-ggl-700x371.jpg\" alt=\"\" class=\"wp-image-13894 size-full\" srcset=\"https:\/\/zafusetfutons.com\/wp-content\/uploads\/2025\/12\/zafu-et-zafuton-ggl-700x371.jpg 700w, https:\/\/zafusetfutons.com\/wp-content\/uploads\/2025\/12\/zafu-et-zafuton-ggl-300x159.jpg 300w, https:\/\/zafusetfutons.com\/wp-content\/uploads\/2025\/12\/zafu-et-zafuton-ggl-768x407.jpg 768w, https:\/\/zafusetfutons.com\/wp-content\/uploads\/2025\/12\/zafu-et-zafuton-ggl-566x300.jpg 566w, https:\/\/zafusetfutons.com\/wp-content\/uploads\/2025\/12\/zafu-et-zafuton-ggl.jpg 1200w\" sizes=\"auto, (max-width: 700px) 100vw, 700px\" \/><\/figure><div class=\"wp-block-media-text__content\">\n<p>Le <strong>zafu<\/strong> est le coussin de m\u00e9ditation sur lequel est pratiqu\u00e9 zazen : la posture assise du bouddhisme zen. Son usage s&rsquo;est aujourd&rsquo;hui \u00e9tendu \u00e0 d&rsquo;autres formes de m\u00e9ditation.<\/p>\n<\/div><\/div>\n\n\n\n<p>Le <strong>zafu<\/strong> est cousu dans un tissu r\u00e9sistant, et est couramment rembourr\u00e9 avec du <a href=\"https:\/\/zafusetfutons.com\/index.php\/2023\/02\/07\/le-kapok\/\" target=\"_blank\" rel=\"noopener\"><strong>kapok<\/strong><\/a> naturel. Nos zafus sont rembourr\u00e9s avec des <a href=\"http:\/\/zafusetfutons.com\/index.php\/2017\/02\/07\/laine\/\" target=\"_blank\" rel=\"noopener noreferrer\"><strong>flocon de laine<\/strong><\/a> : notre version <strong>locale<\/strong> et tout aussi efficace ; ou bien avec du kapok : sur demande. L&rsquo;enveloppe du zafu comprend deux parties circulaires (haut et bas) reli\u00e9es par une bande comprenant 20 plis, ceux-ci donnant de la souplesse au zafu. Il est agr\u00e9ment\u00e9 d&rsquo;une <strong>poign\u00e9e<\/strong> en tissu, situ\u00e9e au niveau de <strong>l&rsquo;ouverture lat\u00e9rale<\/strong> du zafu<strong> <\/strong>: cette ouverture permet d&rsquo;ajouter ou de retirer de la mati\u00e8re de rembourrage et d&rsquo;<strong>ajuster<\/strong> ainsi la hauteur de votre zafu lorsque cela est n\u00e9cessaire. Ce coussin de m\u00e9ditation <strong>bien ferme<\/strong> s&rsquo;av\u00e8rera une aide pr\u00e9cieuse pour le confort de votre posture assise : en m\u00e9ditation ou simplement assis-e au sol.<\/p>\n\n\n\n<div class=\"wp-block-media-text has-media-on-the-right is-stacked-on-mobile\" style=\"grid-template-columns:auto 41%\"><div class=\"wp-block-media-text__content\">\n<p><strong>Dimensions<\/strong> : 1kg de <a href=\"https:\/\/zafusetfutons.com\/index.php\/2023\/02\/07\/le-kapok\/\" target=\"_blank\" rel=\"noopener\"><strong>kapok<\/strong><\/a> ou de <a href=\"https:\/\/zafusetfutons.com\/index.php\/2023\/02\/07\/laine\/\" target=\"_blank\" rel=\"noopener\"><strong>flocons de laine<\/strong><\/a> dans une enveloppe de 15cm de c\u00f4t\u00e9 par 30cm de diam\u00e8tre, \u00e9quivalant \u00e0 un zafu de <strong>hauteur 20cm et diam\u00e8tre 35cm<\/strong>. Enveloppe en <strong><a href=\"https:\/\/zafusetfutons.com\/index.php\/2023\/02\/07\/tissus-bio\/\" target=\"_blank\" rel=\"noopener\">coton issu de l&rsquo;agriculture biologique<\/a>, <\/strong>noir ou de <strong><a href=\"http:\/\/zafusetfutons.com\/index.php\/nuancier\/\">couleurs<\/a><\/strong>&nbsp; ;&nbsp; renforc\u00e9e sur le dessus et le dessous par une double \u00e9paisseur. Poign\u00e9e en coton uni ou \u00e0 motifs coordonn\u00e9s au niveau de l&rsquo;ouverture lat\u00e9rale.<\/p>\n<\/div><figure class=\"wp-block-media-text__media\"><img loading=\"lazy\" decoding=\"async\" width=\"700\" height=\"465\" src=\"https:\/\/zafusetfutons.com\/wp-content\/uploads\/2017\/01\/zafu-lie-de-vin-optimis\u00e9-700x465.jpg\" alt=\"\" class=\"wp-image-74 size-full\" srcset=\"https:\/\/zafusetfutons.com\/wp-content\/uploads\/2017\/01\/zafu-lie-de-vin-optimis\u00e9-700x465.jpg 700w, https:\/\/zafusetfutons.com\/wp-content\/uploads\/2017\/01\/zafu-lie-de-vin-optimis\u00e9-300x199.jpg 300w, https:\/\/zafusetfutons.com\/wp-content\/uploads\/2017\/01\/zafu-lie-de-vin-optimis\u00e9-768x510.jpg 768w, https:\/\/zafusetfutons.com\/wp-content\/uploads\/2017\/01\/zafu-lie-de-vin-optimis\u00e9-330x220.jpg 330w\" sizes=\"auto, (max-width: 700px) 100vw, 700px\" \/><\/figure><\/div>\n\n\n\n<p>Tarifs :<\/p>\n\n\n\n<ul class=\"wp-block-list\">\n<li><strong>zafu<\/strong> : 60\u20ac <\/li>\n\n\n\n<li>port : 8\u20ac<\/li>\n<\/ul>\n\n\n\n<h6 class=\"wp-block-heading\"><\/h6>\n\n\n\n<p>Port d\u00e9gressif en fonction de la quantit\u00e9 de zafus exp\u00e9di\u00e9s.<\/p>\n\n\n\n<p><span style=\"color: #666699;\">&nbsp;<\/span><\/p>\n","protected":false},"excerpt":{"rendered":"<p>Le zafu est le coussin de m\u00e9ditation sur lequel est pratiqu\u00e9 zazen : la posture assise du bouddhisme zen. Son usage s&rsquo;est aujourd&rsquo;hui \u00e9tendu \u00e0 d&rsquo;autres formes de m\u00e9ditation. Le zafu est cousu dans un tissu r\u00e9sistant, et est couramment rembourr\u00e9 avec du kapok naturel. Nos zafus sont rembourr\u00e9s avec des flocon de laine :&#8230; <\/p>\n<div class=\"link-more\"><a href=\"https:\/\/zafusetfutons.com\/index.php\/acceuil\/\">En savoir plus<\/a><\/div>\n","protected":false},"author":1,"featured_media":709,"parent":0,"menu_order":0,"comment_status":"closed","ping_status":"closed","template":"","meta":{"footnotes":""},"class_list":["post-109","page","type-page","status-publish","has-post-thumbnail","hentry"],"_links":{"self":[{"href":"https:\/\/zafusetfutons.com\/index.php\/wp-json\/wp\/v2\/pages\/109","targetHints":{"allow":["GET"]}}],"collection":[{"href":"https:\/\/zafusetfutons.com\/index.php\/wp-json\/wp\/v2\/pages"}],"about":[{"href":"https:\/\/zafusetfutons.com\/index.php\/wp-json\/wp\/v2\/types\/page"}],"author":[{"embeddable":true,"href":"https:\/\/zafusetfutons.com\/index.php\/wp-json\/wp\/v2\/users\/1"}],"replies":[{"embeddable":true,"href":"https:\/\/zafusetfutons.com\/index.php\/wp-json\/wp\/v2\/comments?post=109"}],"version-history":[{"count":63,"href":"https:\/\/zafusetfutons.com\/index.php\/wp-json\/wp\/v2\/pages\/109\/revisions"}],"predecessor-version":[{"id":13895,"href":"https:\/\/zafusetfutons.com\/index.php\/wp-json\/wp\/v2\/pages\/109\/revisions\/13895"}],"wp:featuredmedia":[{"embeddable":true,"href":"https:\/\/zafusetfutons.com\/index.php\/wp-json\/wp\/v2\/media\/709"}],"wp:attachment":[{"href":"https:\/\/zafusetfutons.com\/index.php\/wp-json\/wp\/v2\/media?parent=109"}],"curies":[{"name":"wp","href":"https:\/\/api.w.org\/{rel}","templated":true}]}}