{"id":11,"date":"2017-01-26T11:21:02","date_gmt":"2017-01-26T10:21:02","guid":{"rendered":"http:\/\/zafusetfutons.com\/?page_id=11"},"modified":"2025-07-17T12:28:40","modified_gmt":"2025-07-17T10:28:40","slug":"zafus-et-futons","status":"publish","type":"page","link":"https:\/\/zafusetfutons.com\/index.php\/zafus-et-futons\/","title":{"rendered":"futons"},"content":{"rendered":"\n<p>Le <strong>futon<\/strong> est traditionnellement l&rsquo;ensemble du couchage japonais, comprenant matelas, couette et oreiller. En occident nous nommons habituellement par \u00ab\u00a0futon\u00a0\u00bb <strong>la partie matelas<\/strong> de cet ensemble. Les <strong>futons<\/strong> -matelas- sont l\u00e9gers, fermes et peu encombrants : ils peuvent se rouler et pour les plus petits se ranger dans un placard ou sur une \u00e9tag\u00e8re. <\/p>\n\n\n\n<p>Traditionnellement rembourr\u00e9s de coton, les <strong>futons<\/strong> que je vous propose sont garnis de <strong><a href=\"https:\/\/zafusetfutons.com\/index.php\/2023\/02\/07\/laine\/\" data-type=\"URL\" data-id=\"https:\/\/zafusetfutons.com\/index.php\/2023\/02\/07\/laine\/\" target=\"_blank\" rel=\"noreferrer noopener\">laine<\/a><\/strong> sous forme de nappes homog\u00e8nes maintenues dans une enveloppe en <a rel=\"noopener\" href=\"https:\/\/zafusetfutons.com\/index.php\/2023\/02\/07\/tissus-bio\/\" target=\"_blank\"><strong>coton<\/strong><\/a> issu de <strong>l&rsquo;agriculture biologique<\/strong>. Les qualit\u00e9s <strong>isolantes, thermo &amp; hydror\u00e9gulatrices<\/strong> de la <strong>laine<\/strong> ainsi que son <strong>\u00e9lasticit\u00e9<\/strong>, en font un mat\u00e9riaux id\u00e9al pour la confection de matelas <strong>l\u00e9gers<\/strong>, <strong>confortables, sains et durables<\/strong>.<\/p>\n\n\n\n<div class=\"wp-block-group is-nowrap is-layout-flex wp-container-core-group-is-layout-ad2f72ca wp-block-group-is-layout-flex\">\n<figure class=\"wp-block-image size-large\"><img loading=\"lazy\" decoding=\"async\" width=\"700\" height=\"534\" src=\"https:\/\/zafusetfutons.com\/wp-content\/uploads\/2023\/03\/futon-bio-700x534.jpg\" alt=\"\" class=\"wp-image-1202\" srcset=\"https:\/\/zafusetfutons.com\/wp-content\/uploads\/2023\/03\/futon-bio-700x534.jpg 700w, https:\/\/zafusetfutons.com\/wp-content\/uploads\/2023\/03\/futon-bio-300x229.jpg 300w, https:\/\/zafusetfutons.com\/wp-content\/uploads\/2023\/03\/futon-bio-768x585.jpg 768w, https:\/\/zafusetfutons.com\/wp-content\/uploads\/2023\/03\/futon-bio-1536x1171.jpg 1536w, https:\/\/zafusetfutons.com\/wp-content\/uploads\/2023\/03\/futon-bio-2048x1561.jpg 2048w, https:\/\/zafusetfutons.com\/wp-content\/uploads\/2023\/03\/futon-bio-394x300.jpg 394w\" sizes=\"auto, (max-width: 700px) 100vw, 700px\" \/><\/figure>\n<\/div>\n\n\n\n<h2 class=\"wp-block-heading\">remarque :<\/h2>\n\n\n\n<p>Tout en ayant le m\u00eame poids au m\u00b2, l&rsquo;\u00e9paisseur des nappes de laine peut varier ! Cela d\u00e9pend de la densit\u00e9 de l&rsquo;aiguilletage de <a href=\"https:\/\/zafusetfutons.com\/index.php\/2023\/03\/17\/laine\/\">la laine<\/a>. Ainsi l&rsquo;\u00e9paisseur annonc\u00e9e des futons peut varier l\u00e9g\u00e8rement ( de &#8211; 1 \u00e0 &#8211; 1,5cm) ! Afin de respecter au mieux l&rsquo;\u00e9paisseur annonc\u00e9e en cm, le nombre de couches de laine sera parfois sup\u00e9rieur afin de compenser le manque par \u00e9paisseur de couches ! Donc, m\u00eame si votre futon semble l\u00e9g\u00e8rement moins \u00e9pais en cm, le nombre de couches de laine est de toute fa\u00e7on respect\u00e9 voir sup\u00e9rieur, et la densit\u00e9 de votre futon est \u00e9galement sup\u00e9rieure ! Et donc plus stable dans le temps.<\/p>\n","protected":false},"excerpt":{"rendered":"<p>Le futon est traditionnellement l&rsquo;ensemble du couchage japonais, comprenant matelas, couette et oreiller. En occident nous nommons habituellement par \u00ab\u00a0futon\u00a0\u00bb la partie matelas de cet ensemble. Les futons -matelas- sont l\u00e9gers, fermes et peu encombrants : ils peuvent se rouler et pour les plus petits se ranger dans un placard ou sur une \u00e9tag\u00e8re. Traditionnellement&#8230; <\/p>\n<div class=\"link-more\"><a href=\"https:\/\/zafusetfutons.com\/index.php\/zafus-et-futons\/\">En savoir plus<\/a><\/div>\n","protected":false},"author":1,"featured_media":155,"parent":0,"menu_order":0,"comment_status":"closed","ping_status":"closed","template":"","meta":{"footnotes":""},"class_list":["post-11","page","type-page","status-publish","has-post-thumbnail","hentry"],"_links":{"self":[{"href":"https:\/\/zafusetfutons.com\/index.php\/wp-json\/wp\/v2\/pages\/11","targetHints":{"allow":["GET"]}}],"collection":[{"href":"https:\/\/zafusetfutons.com\/index.php\/wp-json\/wp\/v2\/pages"}],"about":[{"href":"https:\/\/zafusetfutons.com\/index.php\/wp-json\/wp\/v2\/types\/page"}],"author":[{"embeddable":true,"href":"https:\/\/zafusetfutons.com\/index.php\/wp-json\/wp\/v2\/users\/1"}],"replies":[{"embeddable":true,"href":"https:\/\/zafusetfutons.com\/index.php\/wp-json\/wp\/v2\/comments?post=11"}],"version-history":[{"count":21,"href":"https:\/\/zafusetfutons.com\/index.php\/wp-json\/wp\/v2\/pages\/11\/revisions"}],"predecessor-version":[{"id":11644,"href":"https:\/\/zafusetfutons.com\/index.php\/wp-json\/wp\/v2\/pages\/11\/revisions\/11644"}],"wp:featuredmedia":[{"embeddable":true,"href":"https:\/\/zafusetfutons.com\/index.php\/wp-json\/wp\/v2\/media\/155"}],"wp:attachment":[{"href":"https:\/\/zafusetfutons.com\/index.php\/wp-json\/wp\/v2\/media?parent=11"}],"curies":[{"name":"wp","href":"https:\/\/api.w.org\/{rel}","templated":true}]}}