{"id":1121,"date":"2024-06-05T23:09:48","date_gmt":"2024-06-05T21:09:48","guid":{"rendered":"https:\/\/zafusetfutons.com\/?page_id=1121"},"modified":"2026-04-07T11:10:53","modified_gmt":"2026-04-07T09:10:53","slug":"couture-zen","status":"publish","type":"page","link":"https:\/\/zafusetfutons.com\/index.php\/couture-zen\/","title":{"rendered":"Couture zen"},"content":{"rendered":"\n<blockquote class=\"wp-block-quote has-vivid-red-color has-text-color has-link-color wp-elements-dfe3303c79f3841d6879f5b7094f43ca is-layout-flow wp-block-quote-is-layout-flow\">\n<p><\/p>\n<cite>Est d\u00e9sign\u00e9e par \u00ab\u00a0couture zen\u00a0\u00bb la confection des v\u00eatements et accessoires sp\u00e9cifiques \u00e0 la pratique de zazen, simple assise ; m\u00e9ditation silencieuse enseign\u00e9e dans les dojos zen.<\/cite><\/blockquote>\n\n\n\n<h4 class=\"wp-block-heading\">KIMONO &amp; KOLOMO<\/h4>\n\n\n\n<p>La couture des kolomos et des kimonos se fait ici sur mesure. Des indications sur les mesures \u00e0 communiquer seront \u00e0 \u00e9changer.  <\/p>\n\n\n\n<p><\/p>\n\n\n\n<figure class=\"wp-block-gallery has-nested-images columns-default is-cropped wp-block-gallery-1 is-layout-flex wp-block-gallery-is-layout-flex\">\n<figure class=\"wp-block-image size-large wp-duotone-grayscale\"><img loading=\"lazy\" decoding=\"async\" width=\"700\" height=\"1186\" data-id=\"3372\" src=\"https:\/\/zafusetfutons.com\/wp-content\/uploads\/2024\/06\/kolomo-2-700x1186.jpg\" alt=\"\" class=\"wp-image-3372\" srcset=\"https:\/\/zafusetfutons.com\/wp-content\/uploads\/2024\/06\/kolomo-2-700x1186.jpg 700w, https:\/\/zafusetfutons.com\/wp-content\/uploads\/2024\/06\/kolomo-2-177x300.jpg 177w, https:\/\/zafusetfutons.com\/wp-content\/uploads\/2024\/06\/kolomo-2-768x1301.jpg 768w, https:\/\/zafusetfutons.com\/wp-content\/uploads\/2024\/06\/kolomo-2-907x1536.jpg 907w, https:\/\/zafusetfutons.com\/wp-content\/uploads\/2024\/06\/kolomo-2-1209x2048.jpg 1209w, https:\/\/zafusetfutons.com\/wp-content\/uploads\/2024\/06\/kolomo-2-scaled.jpg 1511w\" sizes=\"auto, (max-width: 700px) 100vw, 700px\" \/><\/figure>\n\n\n\n<figure class=\"wp-block-image size-large wp-duotone-grayscale\"><img loading=\"lazy\" decoding=\"async\" width=\"700\" height=\"1054\" data-id=\"3367\" src=\"https:\/\/zafusetfutons.com\/wp-content\/uploads\/2024\/06\/DSC_0469-700x1054.jpg\" alt=\"\" class=\"wp-image-3367\" srcset=\"https:\/\/zafusetfutons.com\/wp-content\/uploads\/2024\/06\/DSC_0469-700x1054.jpg 700w, https:\/\/zafusetfutons.com\/wp-content\/uploads\/2024\/06\/DSC_0469-199x300.jpg 199w, https:\/\/zafusetfutons.com\/wp-content\/uploads\/2024\/06\/DSC_0469-768x1156.jpg 768w, https:\/\/zafusetfutons.com\/wp-content\/uploads\/2024\/06\/DSC_0469-1020x1536.jpg 1020w, https:\/\/zafusetfutons.com\/wp-content\/uploads\/2024\/06\/DSC_0469-1360x2048.jpg 1360w, https:\/\/zafusetfutons.com\/wp-content\/uploads\/2024\/06\/DSC_0469-scaled.jpg 1700w\" sizes=\"auto, (max-width: 700px) 100vw, 700px\" \/><\/figure>\n<\/figure>\n\n\n\n<p><\/p>\n\n\n\n<p>Les tissus choisis, de qualit\u00e9 sup\u00e9rieure, sont des <a href=\"https:\/\/zafusetfutons.com\/wp-admin\/post.php?post=780&amp;action=edit\" target=\"_blank\" rel=\"noreferrer noopener\">cotons issus de l&rsquo;agriculture biologique<\/a> certifi\u00e9s gots :<\/p>\n\n\n\n<p>-popeline de coton blanc pour les kimonos blancs<\/p>\n\n\n\n<p>-popeline ou cretonne noire pour les kimonos et kolomos (la cretonne est un coton un peu plus \u00e9pais et rustique que la popeline)<\/p>\n\n\n\n<p>-popeline fine noire &#8211; coton tr\u00e8s l\u00e9ger- pour les kolomos d&rsquo;\u00e9t\u00e9.<\/p>\n\n\n\n<p><strong>Tarifs :<\/strong><\/p>\n\n\n\n<ul class=\"wp-block-list\">\n<li><strong>kolomo d&rsquo;\u00e9t\u00e9 <\/strong>(popeline fine)<strong> : 300\u20ac<\/strong><\/li>\n\n\n\n<li><strong>kolomo <\/strong>popeline : <strong>280\u20ac<\/strong><\/li>\n\n\n\n<li><strong>kolomo <\/strong>cretonne : <strong>260\u20ac<\/strong><\/li>\n\n\n\n<li><strong>kimono blanc : 150\u20ac<\/strong><\/li>\n\n\n\n<li><strong>kimono <\/strong>(cr\u00e9tonne)<strong> : 180\u20ac<\/strong><\/li>\n\n\n\n<li><strong>exp\u00e9dition : 10\u20ac<\/strong><\/li>\n<\/ul>\n\n\n\n<div class=\"wp-block-group is-vertical is-content-justification-right is-layout-flex wp-container-core-group-is-layout-b6c475e2 wp-block-group-is-layout-flex\">\n<p class=\"has-black-color has-text-color\"><\/p>\n<\/div>\n\n\n\n<h4 class=\"wp-block-heading\">ZAFUS , ZAFUTON , REHAUSSE<\/h4>\n\n\n\n<p><\/p>\n\n\n\n<p>Les <a href=\"https:\/\/zafusetfutons.com\/index.php\/acceuil\/\">zafus<\/a>, <a href=\"https:\/\/zafusetfutons.com\/index.php\/zafuton-2\/\" data-type=\"page\" data-id=\"237\">zafutons et rehausses<\/a> sont cousus dans des tissus de <strong><a href=\"https:\/\/zafusetfutons.com\/index.php\/2023\/02\/07\/tissus-bio\/\">coton issu de l&rsquo;agriculture biologique<\/a><\/strong> : <strong>serg\u00e9<\/strong> noir pour les zafus, <strong>toile<\/strong> noire pour les zafutons et rehausses.<\/p>\n\n\n\n<p>Leur garniture est en <a href=\"https:\/\/zafusetfutons.com\/index.php\/2023\/03\/17\/laine\/\">pure laine de mouton<\/a>, sous forme de <a href=\"https:\/\/zafusetfutons.com\/index.php\/2023\/03\/17\/laine\/\">flocons<\/a> pour les zafus, de <a href=\"https:\/\/zafusetfutons.com\/index.php\/2023\/03\/17\/laine\/\">nappes aiguillet\u00e9es<\/a> pour les zafutons et rehausses. Les flocons de laine proviennent d&rsquo;un \u00e9levage biologique local. (Massat- Pyr\u00e9n\u00e9es Ari\u00e9goises)<\/p>\n\n\n\n<div class=\"wp-block-columns are-vertically-aligned-center is-layout-flex wp-container-core-columns-is-layout-9d6595d7 wp-block-columns-is-layout-flex\">\n<div class=\"wp-block-column is-vertically-aligned-center is-layout-flow wp-block-column-is-layout-flow\" style=\"flex-basis:100%\">\n<figure class=\"wp-block-image size-large wp-duotone-grayscale\"><img loading=\"lazy\" decoding=\"async\" width=\"700\" height=\"607\" src=\"https:\/\/zafusetfutons.com\/wp-content\/uploads\/2024\/06\/zafu-et-zafuton-700x607.jpg\" alt=\"\" class=\"wp-image-3450\" srcset=\"https:\/\/zafusetfutons.com\/wp-content\/uploads\/2024\/06\/zafu-et-zafuton-700x607.jpg 700w, https:\/\/zafusetfutons.com\/wp-content\/uploads\/2024\/06\/zafu-et-zafuton-300x260.jpg 300w, https:\/\/zafusetfutons.com\/wp-content\/uploads\/2024\/06\/zafu-et-zafuton-768x666.jpg 768w, https:\/\/zafusetfutons.com\/wp-content\/uploads\/2024\/06\/zafu-et-zafuton-1536x1333.jpg 1536w, https:\/\/zafusetfutons.com\/wp-content\/uploads\/2024\/06\/zafu-et-zafuton-2048x1777.jpg 2048w, https:\/\/zafusetfutons.com\/wp-content\/uploads\/2024\/06\/zafu-et-zafuton-346x300.jpg 346w\" sizes=\"auto, (max-width: 700px) 100vw, 700px\" \/><\/figure>\n<\/div>\n<\/div>\n\n\n\n<p>Tarifs :<\/p>\n\n\n\n<ul class=\"wp-block-list\">\n<li><a href=\"https:\/\/zafusetfutons.com\/index.php\/acceuil\/\" data-type=\"page\" data-id=\"109\"><strong>zafu<\/strong><\/a> de dimension standard (hauteur 20cm, diam\u00e8tre 35cm environ) : <strong>60\u20ac<\/strong><\/li>\n\n\n\n<li><strong><a href=\"https:\/\/zafusetfutons.com\/index.php\/zafuton-2\/\">Zafuton<\/a> <\/strong>standard , 80x80cm : <strong>60\u20ac<\/strong><\/li>\n\n\n\n<li><strong><a href=\"https:\/\/zafusetfutons.com\/index.php\/zafuton-2\/\" data-type=\"page\" data-id=\"237\">Rehausse<\/a>,<\/strong> 38x38cm : <strong>28\u20ac<\/strong><\/li>\n<\/ul>\n\n\n\n<h4 class=\"wp-block-heading\">FUROSHIKI<\/h4>\n\n\n\n<div class=\"wp-block-media-text is-stacked-on-mobile\" style=\"grid-template-columns:54% auto\"><figure class=\"wp-block-media-text__media\"><img loading=\"lazy\" decoding=\"async\" width=\"700\" height=\"525\" src=\"https:\/\/zafusetfutons.com\/wp-content\/uploads\/2024\/06\/furishiki-2-700x525.jpg\" alt=\"\" class=\"wp-image-3369 size-full\" srcset=\"https:\/\/zafusetfutons.com\/wp-content\/uploads\/2024\/06\/furishiki-2-700x525.jpg 700w, https:\/\/zafusetfutons.com\/wp-content\/uploads\/2024\/06\/furishiki-2-300x225.jpg 300w, https:\/\/zafusetfutons.com\/wp-content\/uploads\/2024\/06\/furishiki-2-768x576.jpg 768w, https:\/\/zafusetfutons.com\/wp-content\/uploads\/2024\/06\/furishiki-2-1536x1151.jpg 1536w, https:\/\/zafusetfutons.com\/wp-content\/uploads\/2024\/06\/furishiki-2-2048x1535.jpg 2048w, https:\/\/zafusetfutons.com\/wp-content\/uploads\/2024\/06\/furishiki-2-400x300.jpg 400w\" sizes=\"auto, (max-width: 700px) 100vw, 700px\" \/><\/figure><div class=\"wp-block-media-text__content\">\n<p>Traditionnellement, au Japon, des carr\u00e9s de tissus de diverses tailles sont utilis\u00e9s comme emballages. Cela peut \u00eatre pour transporter des petits objets du quotidien, des v\u00eatements, un pique-nique&#8230;ou pour emballer un cadeau. Le carr\u00e9 de tissu est suffisamment souple afin d&rsquo;\u00eatre pli\u00e9 et nou\u00e9. Il existe plusieurs tailles et plusieurs fa\u00e7ons de nouer les furoshiki, suivant l&rsquo;usage souhait\u00e9 : emballage, transport, cadeau&#8230;<\/p>\n<\/div><\/div>\n\n\n\n<div class=\"wp-block-media-text has-media-on-the-right is-stacked-on-mobile\" style=\"grid-template-columns:auto 49%\"><div class=\"wp-block-media-text__content\">\n<p>Sont propos\u00e9s ici des furoshiki pour emballer le bol de moine, accompagn\u00e9 d&rsquo;un \u00e9tui \u00e0 couverts, d&rsquo;une \u00ab\u00a0nappe\u00a0\u00bb et d&rsquo;une petite serviette blanche. Les dimensions du furoshiki sont de 50x50cm. Il est possible de r\u00e9aliser un furoshiki sur mesure. Ils sont cousus dans un tissu en coton double face ou bien doubl\u00e9 afin de se pr\u00e9senter toujours sur l&rsquo;endroit. (dessus\/dessous identiques ou endroit de deux tissus assortis)<\/p>\n<\/div><figure class=\"wp-block-media-text__media\"><img loading=\"lazy\" decoding=\"async\" width=\"700\" height=\"586\" src=\"https:\/\/zafusetfutons.com\/wp-content\/uploads\/2024\/06\/set-bol-2-700x586.jpg\" alt=\"\" class=\"wp-image-3370 size-full\" srcset=\"https:\/\/zafusetfutons.com\/wp-content\/uploads\/2024\/06\/set-bol-2-700x586.jpg 700w, https:\/\/zafusetfutons.com\/wp-content\/uploads\/2024\/06\/set-bol-2-300x251.jpg 300w, https:\/\/zafusetfutons.com\/wp-content\/uploads\/2024\/06\/set-bol-2-768x643.jpg 768w, https:\/\/zafusetfutons.com\/wp-content\/uploads\/2024\/06\/set-bol-2-1536x1287.jpg 1536w, https:\/\/zafusetfutons.com\/wp-content\/uploads\/2024\/06\/set-bol-2-2048x1716.jpg 2048w, https:\/\/zafusetfutons.com\/wp-content\/uploads\/2024\/06\/set-bol-2-358x300.jpg 358w\" sizes=\"auto, (max-width: 700px) 100vw, 700px\" \/><\/figure><\/div>\n\n\n\n<div class=\"wp-block-group has-black-color has-text-color is-nowrap is-layout-flex wp-container-core-group-is-layout-ad2f72ca wp-block-group-is-layout-flex\">\n<p><strong>TARIF:  35 \u20ac &#8211; <\/strong><\/p>\n\n\n\n<p>Exp\u00e9dition : 5 \u20ac<\/p>\n<\/div>\n\n\n\n<figure class=\"wp-block-gallery has-nested-images columns-default is-cropped wp-block-gallery-2 is-layout-flex wp-block-gallery-is-layout-flex\">\n<figure class=\"wp-block-image size-large\"><img loading=\"lazy\" decoding=\"async\" width=\"700\" height=\"815\" data-id=\"3405\" src=\"https:\/\/zafusetfutons.com\/wp-content\/uploads\/2024\/06\/set-bleu-700x815.jpg\" alt=\"\" class=\"wp-image-3405\" srcset=\"https:\/\/zafusetfutons.com\/wp-content\/uploads\/2024\/06\/set-bleu-700x815.jpg 700w, https:\/\/zafusetfutons.com\/wp-content\/uploads\/2024\/06\/set-bleu-258x300.jpg 258w, https:\/\/zafusetfutons.com\/wp-content\/uploads\/2024\/06\/set-bleu-768x895.jpg 768w, https:\/\/zafusetfutons.com\/wp-content\/uploads\/2024\/06\/set-bleu-1319x1536.jpg 1319w, https:\/\/zafusetfutons.com\/wp-content\/uploads\/2024\/06\/set-bleu-1758x2048.jpg 1758w\" sizes=\"auto, (max-width: 700px) 100vw, 700px\" \/><\/figure>\n\n\n\n<figure class=\"wp-block-image size-large\"><img loading=\"lazy\" decoding=\"async\" width=\"700\" height=\"836\" data-id=\"3407\" src=\"https:\/\/zafusetfutons.com\/wp-content\/uploads\/2024\/06\/set-vert-700x836.jpg\" alt=\"\" class=\"wp-image-3407\" srcset=\"https:\/\/zafusetfutons.com\/wp-content\/uploads\/2024\/06\/set-vert-700x836.jpg 700w, https:\/\/zafusetfutons.com\/wp-content\/uploads\/2024\/06\/set-vert-251x300.jpg 251w, https:\/\/zafusetfutons.com\/wp-content\/uploads\/2024\/06\/set-vert-768x918.jpg 768w, https:\/\/zafusetfutons.com\/wp-content\/uploads\/2024\/06\/set-vert-1286x1536.jpg 1286w, https:\/\/zafusetfutons.com\/wp-content\/uploads\/2024\/06\/set-vert-1714x2048.jpg 1714w\" sizes=\"auto, (max-width: 700px) 100vw, 700px\" \/><\/figure>\n<\/figure>\n\n\n\n<figure class=\"wp-block-image size-full\"><img decoding=\"async\" src=\"https:\/\/zafusetfutons.com\/wp-content\/uploads\/2024\/12\/pile-furoshiki.jpg\" alt=\"\" class=\"wp-image-6912\"\/><\/figure>\n\n\n\n<h4 class=\"wp-block-heading\">SAC DE MOINE <\/h4>\n\n\n\n<p>Les <a href=\"https:\/\/zafusetfutons.com\/index.php\/zafuton\/\">sacs de moines<\/a> sont cousus dans les m\u00eame <a href=\"https:\/\/zafusetfutons.com\/index.php\/2023\/02\/07\/tissus-bio\/\">toile de coton<\/a>, \u00e9paisse et r\u00e9sistante. Ils comprennent : une grande poche principale avec au dos et \u00e0 l&rsquo;int\u00e9rieure de celle-ci une poche interm\u00e9diaire, des liens pour la fermeture du sac, une bandouli\u00e8re ajustable. La bandouli\u00e8re \u00e9tant nou\u00e9e au sac, elle peut \u00eatre remplac\u00e9e facilement en cas d&rsquo;usure.<\/p>\n\n\n\n<p class=\"has-text-align-center\"><strong>TARIF : 80\u20ac<\/strong>                                                                             Exp\u00e9dition : 10\u20ac<\/p>\n\n\n\n<p>Il est possible de coudre des <a href=\"https:\/\/zafusetfutons.com\/index.php\/zafuton\/\">sacs de moines<\/a> sur mesure, en \u00e9laborant ensemble le sac correspondant \u00e0 vos besoins. Prix sur devis.<\/p>\n\n\n\n<figure class=\"wp-block-gallery has-nested-images columns-default is-cropped wp-block-gallery-3 is-layout-flex wp-block-gallery-is-layout-flex\">\n<figure class=\"wp-block-image size-large is-style-default\"><img loading=\"lazy\" decoding=\"async\" width=\"700\" height=\"580\" data-id=\"373\" src=\"https:\/\/zafusetfutons.com\/wp-content\/uploads\/2017\/01\/sac-z-orange-700x580.jpg\" alt=\"\" class=\"wp-image-373\" srcset=\"https:\/\/zafusetfutons.com\/wp-content\/uploads\/2017\/01\/sac-z-orange-700x580.jpg 700w, https:\/\/zafusetfutons.com\/wp-content\/uploads\/2017\/01\/sac-z-orange-300x248.jpg 300w, https:\/\/zafusetfutons.com\/wp-content\/uploads\/2017\/01\/sac-z-orange-768x636.jpg 768w, https:\/\/zafusetfutons.com\/wp-content\/uploads\/2017\/01\/sac-z-orange-362x300.jpg 362w\" sizes=\"auto, (max-width: 700px) 100vw, 700px\" \/><\/figure>\n\n\n\n<figure class=\"wp-block-image size-large is-style-default\"><img loading=\"lazy\" decoding=\"async\" width=\"700\" height=\"919\" data-id=\"371\" src=\"https:\/\/zafusetfutons.com\/wp-content\/uploads\/2017\/01\/sac-zafu-vert-e1489682978951-700x919.jpg\" alt=\"\" class=\"wp-image-371\" srcset=\"https:\/\/zafusetfutons.com\/wp-content\/uploads\/2017\/01\/sac-zafu-vert-e1489682978951-700x919.jpg 700w, https:\/\/zafusetfutons.com\/wp-content\/uploads\/2017\/01\/sac-zafu-vert-e1489682978951-229x300.jpg 229w, https:\/\/zafusetfutons.com\/wp-content\/uploads\/2017\/01\/sac-zafu-vert-e1489682978951-768x1008.jpg 768w, https:\/\/zafusetfutons.com\/wp-content\/uploads\/2017\/01\/sac-zafu-vert-e1489682978951.jpg 1907w\" sizes=\"auto, (max-width: 700px) 100vw, 700px\" \/><\/figure>\n<\/figure>\n\n\n\n<p><\/p>\n","protected":false},"excerpt":{"rendered":"<p>Est d\u00e9sign\u00e9e par \u00ab\u00a0couture zen\u00a0\u00bb la confection des v\u00eatements et accessoires sp\u00e9cifiques \u00e0 la pratique de zazen, simple assise ; m\u00e9ditation silencieuse enseign\u00e9e dans les dojos zen. KIMONO &amp; KOLOMO La couture des kolomos et des kimonos se fait ici sur mesure. Des indications sur les mesures \u00e0 communiquer seront \u00e0 \u00e9changer. Les tissus choisis,&#8230; <\/p>\n<div class=\"link-more\"><a href=\"https:\/\/zafusetfutons.com\/index.php\/couture-zen\/\">En savoir plus<\/a><\/div>\n","protected":false},"author":1,"featured_media":3362,"parent":0,"menu_order":0,"comment_status":"closed","ping_status":"closed","template":"","meta":{"footnotes":""},"class_list":["post-1121","page","type-page","status-publish","has-post-thumbnail","hentry"],"_links":{"self":[{"href":"https:\/\/zafusetfutons.com\/index.php\/wp-json\/wp\/v2\/pages\/1121","targetHints":{"allow":["GET"]}}],"collection":[{"href":"https:\/\/zafusetfutons.com\/index.php\/wp-json\/wp\/v2\/pages"}],"about":[{"href":"https:\/\/zafusetfutons.com\/index.php\/wp-json\/wp\/v2\/types\/page"}],"author":[{"embeddable":true,"href":"https:\/\/zafusetfutons.com\/index.php\/wp-json\/wp\/v2\/users\/1"}],"replies":[{"embeddable":true,"href":"https:\/\/zafusetfutons.com\/index.php\/wp-json\/wp\/v2\/comments?post=1121"}],"version-history":[{"count":40,"href":"https:\/\/zafusetfutons.com\/index.php\/wp-json\/wp\/v2\/pages\/1121\/revisions"}],"predecessor-version":[{"id":14727,"href":"https:\/\/zafusetfutons.com\/index.php\/wp-json\/wp\/v2\/pages\/1121\/revisions\/14727"}],"wp:featuredmedia":[{"embeddable":true,"href":"https:\/\/zafusetfutons.com\/index.php\/wp-json\/wp\/v2\/media\/3362"}],"wp:attachment":[{"href":"https:\/\/zafusetfutons.com\/index.php\/wp-json\/wp\/v2\/media?parent=1121"}],"curies":[{"name":"wp","href":"https:\/\/api.w.org\/{rel}","templated":true}]}}