{"id":152,"date":"2022-10-18T11:30:01","date_gmt":"2022-10-18T09:30:01","guid":{"rendered":"http:\/\/zafusetfutons.com\/?page_id=152"},"modified":"2025-07-17T12:30:22","modified_gmt":"2025-07-17T10:30:22","slug":"futon-du-quotidien","status":"publish","type":"page","link":"https:\/\/zafusetfutons.com\/index.php\/futon-du-quotidien\/","title":{"rendered":"futon du quotidien"},"content":{"rendered":"\n<p>C&rsquo;est le <strong>futon<\/strong> le plus \u00e9pais, il est con\u00e7u pour un usage <strong>quotidien<\/strong>, tout en restant relativement l\u00e9ger et facile \u00e0 manier. Il est garni de 10 couches de <a rel=\"noopener noreferrer\" href=\"https:\/\/zafusetfutons.com\/index.php\/2022\/02\/07\/laine\/\" target=\"_blank\"><strong>laine<\/strong><\/a> aiguillet\u00e9e dans une enveloppe en <strong><a rel=\"noopener noreferrer\" href=\"https:\/\/zafusetfutons.com\/index.php\/2021\/01\/05\/tissus-bio\/\" target=\"_blank\">coton<\/a> issu de l&rsquo;agriculture biologique<\/strong>, unie ou bicolore suivant notre <a href=\"http:\/\/zafusetfutons.com\/index.php\/nuancier\/\"><strong>nuancier<\/strong><\/a>.&nbsp; Son \u00e9paisseur est de <strong>13cm<\/strong> environ.      Il est possible de r\u00e9aliser le <strong>futon du quotidien<\/strong> sur mesure \u00e9galement. Pour toute demande de devis rendez-vous sur la page <a rel=\"noreferrer noopener\" href=\"https:\/\/zafusetfutons.com\/index.php\/contact\/\" target=\"_blank\">contact<\/a> de ce site.<\/p>\n\n\n\n<p><strong>Dimensions et prix :<\/strong><\/p>\n\n\n\n<ul class=\"wp-block-list\">\n<li class=\"has-black-color has-text-color has-link-color wp-elements-2a0edefedd2d04072f933eabb953058d\">futon en 90&#215;200 : 390\u20ac<\/li>\n\n\n\n<li class=\"has-black-color has-text-color has-link-color wp-elements-7052f2fe2018bf5a11e2700d9ca45772\">futon en 120&#215;200 : 465\u20ac<\/li>\n\n\n\n<li class=\"has-black-color has-text-color has-link-color wp-elements-d288e583f7246d56738feda78c165808\">futon en 140&#215;200 : 520\u20ac<\/li>\n\n\n\n<li class=\"has-black-color has-text-color has-link-color wp-elements-3eb3d4cfffd9ac95178a86265dc1f139\">port : sur demande. Tarif transporteur.<\/li>\n<\/ul>\n\n\n\n<p><strong>La longueur des futons en 2m n&rsquo;est pas garantie<\/strong> et peut varier de 5cm (195cm) ; ceci est du \u00e0 l&rsquo;\u00e9lasticit\u00e9 de la <a href=\"https:\/\/zafusetfutons.com\/index.php\/2023\/02\/07\/laine\/\" data-type=\"URL\" data-id=\"https:\/\/zafusetfutons.com\/index.php\/2023\/02\/07\/laine\/\" target=\"_blank\" rel=\"noreferrer noopener\">laine<\/a> qui se r\u00e9tracte plus ou moins suivant sa qualit\u00e9 d&rsquo;origine. <strong>Tous les futons sont \u00e9galement r\u00e9alisables en 190cm<\/strong>, dimensions \u00e0 pr\u00e9ciser \u00e0 la commande.<\/p>\n\n\n\n<h3 class=\"wp-block-heading\">Remarque : <\/h3>\n\n\n\n<p>Tout en ayant le m\u00eame poids au m\u00b2, l\u2019\u00e9paisseur des nappes de laine peut varier ! Cela d\u00e9pend de la densit\u00e9 de l\u2019aiguilletage de <a href=\"https:\/\/zafusetfutons.com\/index.php\/2023\/03\/17\/laine\/\">la laine<\/a>. Ainsi l\u2019\u00e9paisseur annonc\u00e9e des futons peut varier l\u00e9g\u00e8rement ( de \u2013 1 \u00e0 \u2013 1,5cm) ! Afin de respecter au mieux l\u2019\u00e9paisseur annonc\u00e9e en cm, le nombre de couches de laine sera parfois sup\u00e9rieur afin de compenser le manque par \u00e9paisseur de couches ! Donc, m\u00eame si votre futon semble l\u00e9g\u00e8rement moins \u00e9pais en cm, le nombre de couches de laine est de toute fa\u00e7on respect\u00e9 voir sup\u00e9rieur, et la densit\u00e9 de votre futon est \u00e9galement sup\u00e9rieure ! Et donc plus stable dans le temps.<\/p>\n","protected":false},"excerpt":{"rendered":"<p>C&rsquo;est le futon le plus \u00e9pais, il est con\u00e7u pour un usage quotidien, tout en restant relativement l\u00e9ger et facile \u00e0 manier. Il est garni de 10 couches de laine aiguillet\u00e9e dans une enveloppe en coton issu de l&rsquo;agriculture biologique, unie ou bicolore suivant notre nuancier.&nbsp; Son \u00e9paisseur est de 13cm environ. Il est possible&#8230; <\/p>\n<div class=\"link-more\"><a href=\"https:\/\/zafusetfutons.com\/index.php\/futon-du-quotidien\/\">En savoir plus<\/a><\/div>\n","protected":false},"author":1,"featured_media":926,"parent":0,"menu_order":0,"comment_status":"closed","ping_status":"closed","template":"","meta":{"footnotes":""},"class_list":["post-152","page","type-page","status-publish","has-post-thumbnail","hentry"],"_links":{"self":[{"href":"https:\/\/zafusetfutons.com\/index.php\/wp-json\/wp\/v2\/pages\/152","targetHints":{"allow":["GET"]}}],"collection":[{"href":"https:\/\/zafusetfutons.com\/index.php\/wp-json\/wp\/v2\/pages"}],"about":[{"href":"https:\/\/zafusetfutons.com\/index.php\/wp-json\/wp\/v2\/types\/page"}],"author":[{"embeddable":true,"href":"https:\/\/zafusetfutons.com\/index.php\/wp-json\/wp\/v2\/users\/1"}],"replies":[{"embeddable":true,"href":"https:\/\/zafusetfutons.com\/index.php\/wp-json\/wp\/v2\/comments?post=152"}],"version-history":[{"count":53,"href":"https:\/\/zafusetfutons.com\/index.php\/wp-json\/wp\/v2\/pages\/152\/revisions"}],"predecessor-version":[{"id":11646,"href":"https:\/\/zafusetfutons.com\/index.php\/wp-json\/wp\/v2\/pages\/152\/revisions\/11646"}],"wp:featuredmedia":[{"embeddable":true,"href":"https:\/\/zafusetfutons.com\/index.php\/wp-json\/wp\/v2\/media\/926"}],"wp:attachment":[{"href":"https:\/\/zafusetfutons.com\/index.php\/wp-json\/wp\/v2\/media?parent=152"}],"curies":[{"name":"wp","href":"https:\/\/api.w.org\/{rel}","templated":true}]}}