{"id":165,"date":"2022-10-18T16:30:59","date_gmt":"2022-10-18T14:30:59","guid":{"rendered":"http:\/\/zafusetfutons.com\/?page_id=165"},"modified":"2025-07-17T12:32:54","modified_gmt":"2025-07-17T10:32:54","slug":"futon-dappoint","status":"publish","type":"page","link":"https:\/\/zafusetfutons.com\/index.php\/futon-dappoint\/","title":{"rendered":"futon d&rsquo;appoint"},"content":{"rendered":"\n<p>Voici le <strong>futon<\/strong> le plus proche du futon traditionnel japonais. Avec une \u00e9paisseur moyenne de 9cm et de dimensions standards, ce futon est conseill\u00e9 comme <strong>couchage d&rsquo;appoint<\/strong> et sera cependant tr\u00e8s appr\u00e9ci\u00e9 pour son <strong>confort<\/strong>. Agr\u00e9ment\u00e9 d&rsquo;attaches et de poign\u00e9es, il se roule et se range facilement.<\/p>\n\n\n\n<p>Le <strong>futon d&rsquo;appoint<\/strong> est garni de 6 couches de <a rel=\"noopener noreferrer\" href=\"https:\/\/zafusetfutons.com\/index.php\/2022\/02\/07\/laine\/\" target=\"_blank\"><strong>laine<\/strong><\/a> aiguillet\u00e9e dans une <strong>enveloppe de <a rel=\"noopener noreferrer\" href=\"https:\/\/zafusetfutons.com\/index.php\/2021\/01\/05\/tissus-bio\/\" target=\"_blank\">coton<\/a> issu de l&rsquo;agriculture biologique<\/strong>,&nbsp; de couleur unie ou bicolore suivant notre <strong><a rel=\"noopener noreferrer\" href=\"http:\/\/zafusetfutons.com\/index.php\/nuancier\/\" target=\"_blank\">nuancier<\/a><\/strong>.&nbsp;&nbsp;Son \u00e9paisseur est de <strong>9cm<\/strong> environ. Il est possible de r\u00e9aliser le <strong>futon d&rsquo;appoint<\/strong> sur mesure \u00e9galement. Pour toute demande de devis rendez-vous sur la page <a rel=\"noreferrer noopener\" href=\"https:\/\/zafusetfutons.com\/index.php\/contact\/\" target=\"_blank\">contact<\/a> de ce site.<\/p>\n\n\n<div class=\"wp-block-image\">\n<figure class=\"aligncenter\"><img loading=\"lazy\" decoding=\"async\" width=\"700\" height=\"432\" src=\"http:\/\/zafusetfutons.com\/wp-content\/uploads\/2019\/02\/indigo-appoint-700x432.jpg\" alt=\"\" class=\"wp-image-914\" srcset=\"https:\/\/zafusetfutons.com\/wp-content\/uploads\/2019\/02\/indigo-appoint-700x432.jpg 700w, https:\/\/zafusetfutons.com\/wp-content\/uploads\/2019\/02\/indigo-appoint-300x185.jpg 300w, https:\/\/zafusetfutons.com\/wp-content\/uploads\/2019\/02\/indigo-appoint-768x474.jpg 768w, https:\/\/zafusetfutons.com\/wp-content\/uploads\/2019\/02\/indigo-appoint-486x300.jpg 486w\" sizes=\"auto, (max-width: 700px) 100vw, 700px\" \/><\/figure>\n<\/div>\n\n\n<p><\/p>\n\n\n\n<p><strong>Dimensions et prix :<\/strong><\/p>\n\n\n\n<ul class=\"wp-block-list\">\n<li class=\"has-black-color has-text-color has-link-color wp-elements-647e618d72fea260de629992d90376e0\">futon d\u2019appoint en 90&#215;200 :<strong> <\/strong>310\u20ac &#8211; Sans attaches int\u00e9gr\u00e9es : 275\u20ac<\/li>\n\n\n\n<li class=\"has-black-color has-text-color has-link-color wp-elements-6112eb220b3347a29d551dcf176c7a1f\">futon d\u2019appoint en120x200 : 370\u20ac &#8211; sans attaches int\u00e9gr\u00e9es : 335\u20ac<\/li>\n\n\n\n<li class=\"has-black-color has-text-color has-link-color wp-elements-453227da3ee429bdf77a7e02e98ce673\">futon d\u2019appoint en140x200 : 415\u20ac &#8211; sans attaches int\u00e9gr\u00e9es : 380\u20ac<\/li>\n\n\n\n<li class=\"has-black-color has-text-color has-link-color wp-elements-3eb3d4cfffd9ac95178a86265dc1f139\">port : sur demande. Tarif transporteur.<\/li>\n<\/ul>\n\n\n\n<p><\/p>\n\n\n\n<p><strong>La longueur des futons en 2m n&rsquo;est pas garantie<\/strong> et peut varier de 5cm (195cm) ; ceci est du \u00e0 l&rsquo;\u00e9lasticit\u00e9 de la laine qui se r\u00e9tracte plus ou moins suivant sa qualit\u00e9 d&rsquo;origine. <strong>Tous les futons sont \u00e9galement r\u00e9alisables en 190cm<\/strong>, dimensions \u00e0 pr\u00e9ciser \u00e0 la commande.&nbsp;&nbsp;&nbsp;&nbsp;&nbsp;&nbsp;&nbsp;&nbsp;&nbsp;&nbsp;&nbsp;&nbsp;&nbsp;&nbsp;&nbsp;&nbsp;&nbsp;&nbsp;&nbsp;&nbsp;&nbsp;&nbsp;&nbsp;&nbsp;&nbsp;&nbsp;&nbsp;&nbsp;&nbsp;&nbsp;&nbsp;&nbsp;&nbsp;&nbsp;&nbsp;&nbsp;&nbsp;&nbsp;&nbsp;&nbsp;&nbsp;&nbsp;&nbsp;&nbsp;&nbsp;&nbsp;&nbsp;&nbsp;&nbsp;&nbsp;&nbsp;&nbsp;&nbsp;&nbsp;&nbsp;&nbsp;&nbsp;&nbsp;&nbsp;&nbsp;&nbsp;&nbsp;&nbsp;&nbsp;&nbsp;&nbsp;&nbsp;&nbsp;&nbsp;&nbsp;&nbsp;&nbsp;&nbsp;&nbsp;&nbsp;&nbsp;&nbsp;&nbsp;&nbsp;&nbsp;&nbsp;&nbsp;&nbsp;&nbsp;&nbsp;&nbsp;&nbsp;&nbsp;&nbsp;&nbsp;&nbsp;&nbsp;&nbsp;&nbsp;&nbsp;&nbsp;&nbsp;&nbsp;&nbsp;&nbsp;&nbsp;&nbsp;&nbsp;&nbsp;&nbsp;&nbsp;&nbsp;&nbsp;&nbsp;&nbsp;&nbsp;&nbsp;&nbsp;&nbsp;&nbsp;&nbsp;&nbsp;&nbsp;&nbsp;&nbsp;&nbsp;&nbsp;&nbsp;&nbsp;&nbsp;&nbsp;&nbsp;&nbsp;&nbsp;&nbsp;&nbsp;&nbsp;&nbsp;&nbsp;&nbsp;&nbsp;&nbsp;&nbsp;&nbsp;&nbsp;&nbsp;&nbsp;&nbsp;&nbsp;&nbsp;&nbsp;&nbsp;&nbsp;&nbsp;&nbsp;&nbsp;&nbsp;&nbsp;&nbsp;&nbsp;&nbsp;&nbsp;&nbsp;&nbsp;&nbsp;&nbsp;&nbsp;&nbsp;&nbsp;&nbsp;&nbsp;&nbsp;&nbsp;&nbsp;&nbsp;&nbsp;&nbsp;&nbsp;&nbsp;&nbsp;&nbsp;&nbsp;&nbsp;&nbsp;&nbsp;&nbsp;&nbsp;&nbsp;&nbsp;&nbsp;&nbsp;&nbsp;&nbsp;&nbsp;&nbsp;&nbsp;&nbsp;&nbsp;&nbsp;&nbsp;&nbsp;&nbsp;&nbsp;&nbsp;&nbsp;&nbsp;&nbsp;&nbsp;&nbsp;&nbsp;&nbsp;&nbsp;&nbsp;&nbsp;&nbsp;&nbsp;&nbsp;&nbsp;&nbsp;&nbsp;&nbsp;&nbsp;&nbsp;&nbsp;&nbsp;&nbsp;&nbsp;&nbsp;&nbsp;&nbsp;&nbsp;&nbsp;&nbsp;&nbsp;&nbsp;&nbsp;&nbsp;&nbsp;&nbsp;&nbsp;&nbsp;&nbsp;&nbsp;&nbsp;&nbsp;&nbsp;&nbsp;&nbsp;&nbsp;&nbsp;&nbsp;&nbsp;&nbsp;&nbsp;&nbsp;&nbsp;&nbsp;&nbsp;&nbsp;&nbsp;&nbsp;&nbsp;&nbsp;&nbsp;&nbsp;&nbsp;&nbsp;&nbsp;&nbsp;&nbsp;&nbsp;&nbsp;&nbsp;&nbsp;&nbsp;&nbsp;&nbsp;&nbsp;&nbsp;&nbsp;&nbsp;&nbsp;&nbsp;&nbsp;&nbsp;&nbsp;&nbsp;&nbsp;&nbsp;&nbsp;&nbsp;&nbsp;&nbsp;&nbsp;&nbsp;&nbsp;&nbsp;&nbsp;&nbsp;&nbsp;&nbsp;&nbsp;&nbsp;&nbsp;&nbsp;&nbsp;&nbsp;&nbsp;&nbsp;&nbsp;&nbsp;&nbsp;&nbsp;&nbsp;&nbsp;&nbsp;&nbsp;&nbsp;&nbsp;&nbsp;&nbsp;&nbsp;&nbsp;&nbsp;&nbsp;&nbsp;&nbsp;&nbsp;&nbsp;&nbsp;&nbsp;&nbsp; <\/p>\n\n\n<div class=\"wp-block-image\">\n<figure class=\"aligncenter\"><img loading=\"lazy\" decoding=\"async\" width=\"700\" height=\"419\" src=\"http:\/\/zafusetfutons.com\/wp-content\/uploads\/2019\/02\/appoint-indigo-bio-700x419.jpg\" alt=\"\" class=\"wp-image-915\" srcset=\"https:\/\/zafusetfutons.com\/wp-content\/uploads\/2019\/02\/appoint-indigo-bio-700x419.jpg 700w, https:\/\/zafusetfutons.com\/wp-content\/uploads\/2019\/02\/appoint-indigo-bio-300x180.jpg 300w, https:\/\/zafusetfutons.com\/wp-content\/uploads\/2019\/02\/appoint-indigo-bio-768x460.jpg 768w, https:\/\/zafusetfutons.com\/wp-content\/uploads\/2019\/02\/appoint-indigo-bio-501x300.jpg 501w\" sizes=\"auto, (max-width: 700px) 100vw, 700px\" \/><\/figure>\n<\/div>\n\n\n<h3 class=\"wp-block-heading\">remarque :<\/h3>\n\n\n\n<p>Tout en ayant le m\u00eame poids au m\u00b2, l\u2019\u00e9paisseur des nappes de laine peut varier ! Cela d\u00e9pend de la densit\u00e9 de l\u2019aiguilletage de <a href=\"https:\/\/zafusetfutons.com\/index.php\/2023\/03\/17\/laine\/\">la laine<\/a>.  Ainsi l\u2019\u00e9paisseur annonc\u00e9e des futons peut varier l\u00e9g\u00e8rement ( de \u2013 1 \u00e0 \u2013 1,5cm) ! Afin de respecter au mieux l\u2019\u00e9paisseur annonc\u00e9e en cm, le nombre de couches de laine sera parfois sup\u00e9rieur afin de compenser le manque par \u00e9paisseur de couches ! Donc, m\u00eame si votre futon semble l\u00e9g\u00e8rement moins \u00e9pais en cm, le nombre de couches de laine est de toute fa\u00e7on respect\u00e9 voir sup\u00e9rieur, et la densit\u00e9 de votre futon est \u00e9galement sup\u00e9rieure ! Et donc plus stable dans le temps.<\/p>\n","protected":false},"excerpt":{"rendered":"<p>Voici le futon le plus proche du futon traditionnel japonais. Avec une \u00e9paisseur moyenne de 9cm et de dimensions standards, ce futon est conseill\u00e9 comme couchage d&rsquo;appoint et sera cependant tr\u00e8s appr\u00e9ci\u00e9 pour son confort. Agr\u00e9ment\u00e9 d&rsquo;attaches et de poign\u00e9es, il se roule et se range facilement. Le futon d&rsquo;appoint est garni de 6 couches&#8230; <\/p>\n<div class=\"link-more\"><a href=\"https:\/\/zafusetfutons.com\/index.php\/futon-dappoint\/\">En savoir plus<\/a><\/div>\n","protected":false},"author":1,"featured_media":917,"parent":0,"menu_order":0,"comment_status":"closed","ping_status":"closed","template":"","meta":{"footnotes":""},"class_list":["post-165","page","type-page","status-publish","has-post-thumbnail","hentry"],"_links":{"self":[{"href":"https:\/\/zafusetfutons.com\/index.php\/wp-json\/wp\/v2\/pages\/165","targetHints":{"allow":["GET"]}}],"collection":[{"href":"https:\/\/zafusetfutons.com\/index.php\/wp-json\/wp\/v2\/pages"}],"about":[{"href":"https:\/\/zafusetfutons.com\/index.php\/wp-json\/wp\/v2\/types\/page"}],"author":[{"embeddable":true,"href":"https:\/\/zafusetfutons.com\/index.php\/wp-json\/wp\/v2\/users\/1"}],"replies":[{"embeddable":true,"href":"https:\/\/zafusetfutons.com\/index.php\/wp-json\/wp\/v2\/comments?post=165"}],"version-history":[{"count":52,"href":"https:\/\/zafusetfutons.com\/index.php\/wp-json\/wp\/v2\/pages\/165\/revisions"}],"predecessor-version":[{"id":11648,"href":"https:\/\/zafusetfutons.com\/index.php\/wp-json\/wp\/v2\/pages\/165\/revisions\/11648"}],"wp:featuredmedia":[{"embeddable":true,"href":"https:\/\/zafusetfutons.com\/index.php\/wp-json\/wp\/v2\/media\/917"}],"wp:attachment":[{"href":"https:\/\/zafusetfutons.com\/index.php\/wp-json\/wp\/v2\/media?parent=165"}],"curies":[{"name":"wp","href":"https:\/\/api.w.org\/{rel}","templated":true}]}}