{"id":167,"date":"2019-02-08T10:40:52","date_gmt":"2019-02-08T09:40:52","guid":{"rendered":"http:\/\/zafusetfutons.com\/?page_id=167"},"modified":"2025-10-29T21:02:23","modified_gmt":"2025-10-29T20:02:23","slug":"futon-nomade","status":"publish","type":"page","link":"https:\/\/zafusetfutons.com\/index.php\/futon-nomade\/","title":{"rendered":"futon nomade"},"content":{"rendered":"<div class=\"wp-block-image\">\n<figure class=\"aligncenter\"><img loading=\"lazy\" decoding=\"async\" width=\"700\" height=\"525\" src=\"https:\/\/zafusetfutons.com\/wp-content\/uploads\/2019\/02\/nomade-1-700x525.jpg\" alt=\"\" class=\"wp-image-955\" srcset=\"https:\/\/zafusetfutons.com\/wp-content\/uploads\/2019\/02\/nomade-1-700x525.jpg 700w, https:\/\/zafusetfutons.com\/wp-content\/uploads\/2019\/02\/nomade-1-300x225.jpg 300w, https:\/\/zafusetfutons.com\/wp-content\/uploads\/2019\/02\/nomade-1-768x576.jpg 768w, https:\/\/zafusetfutons.com\/wp-content\/uploads\/2019\/02\/nomade-1-400x300.jpg 400w\" sizes=\"auto, (max-width: 700px) 100vw, 700px\" \/><\/figure>\n<\/div>\n\n\n<p><\/p>\n\n\n\n<p>Au fil du temps et suite \u00e0 mon exp\u00e9rience j&rsquo;ai imagin\u00e9 le <strong>futon nomade<\/strong> : un petit futon de 70cm dans sa largeur, \u00e0 utiliser aussi bien en <strong>couchage d&rsquo;appoint<\/strong>, de <strong>voyage<\/strong>, dans un <strong>v\u00e9hicule am\u00e9nag\u00e9<\/strong> ou en <strong>habitat nomade<\/strong>. Les dimensions \u00ab\u00a0minimales\u00a0\u00bb et toutefois confortables du <strong>futon nomade<\/strong> offrent un futon <strong>moins volumineux et plus l\u00e9ger<\/strong> que le futon d&rsquo;appoint. Pratique, il se pr\u00eate \u00e0 <strong>toutes sortes d&rsquo;occasions<\/strong>&#8230; Con\u00e7u et fabriqu\u00e9 habituellement avec des attaches et poign\u00e9es de transport , il peut \u00eatre r\u00e9alis\u00e9 sans celles-ci, dans sa version s\u00e9dentaire&#8230;ou en l&rsquo;\u00e9quipant d&rsquo;un <strong>sac de transport<\/strong> pour le porter et le prot\u00e9ger dans vos d\u00e9placements.<\/p>\n\n\n\n<p>Le <strong>futon nomade<\/strong> est garni de 5 couches de <a rel=\"noopener noreferrer\" href=\"https:\/\/zafusetfutons.com\/index.php\/2022\/02\/07\/laine\/\" target=\"_blank\"><strong>laine<\/strong><\/a> maintenues dans une enveloppe de <a rel=\"noopener noreferrer\" href=\"https:\/\/zafusetfutons.com\/index.php\/2021\/01\/05\/tissus-bio\/\" target=\"_blank\"><strong>coton<\/strong><\/a> issu de l&rsquo;<strong>agriculture biologique<\/strong>, unie ou de 2 \u00e0 3 <a rel=\"noopener noreferrer\" href=\"http:\/\/zafusetfutons.com\/index.php\/nuancier\/\" target=\"_blank\"><strong>couleurs<\/strong><\/a>. Son \u00e9paisseur est de  <strong>7cm<\/strong> environ. Il est possible de r\u00e9aliser le <strong>futon <\/strong>nomade sur mesure \u00e9galement. Pour toute demande de devis rendez-vous sur la page <a rel=\"noreferrer noopener\" href=\"https:\/\/zafusetfutons.com\/index.php\/contact\/\" target=\"_blank\">contact<\/a> de ce site.<\/p>\n\n\n\n<p><strong>Dimensions et prix :<\/strong><\/p>\n\n\n\n<ul class=\"wp-block-list\">\n<li class=\"has-black-color has-text-color has-link-color wp-elements-8667a50c94eb8d801d2a0bc3f23159f7\">70 x 190 cm, avec attaches et poign\u00e9es : 256\u20ac<\/li>\n\n\n\n<li class=\"has-black-color has-text-color has-link-color wp-elements-0328452f8d2ee76200f9eb9dfb922efe\">70 x 190 cm sans attaches ni poign\u00e9es : 220\u20ac<\/li>\n\n\n\n<li>sac de transport : 60\u20ac<\/li>\n\n\n\n<li>port : 15\u20ac<\/li>\n<\/ul>\n\n\n\n<figure class=\"wp-block-image size-large is-resized\"><img loading=\"lazy\" decoding=\"async\" width=\"700\" height=\"398\" src=\"https:\/\/zafusetfutons.com\/wp-content\/uploads\/2025\/10\/nomade-rayures-2-700x398.jpg\" alt=\"\" class=\"wp-image-13393\" style=\"width:697px;height:auto\" srcset=\"https:\/\/zafusetfutons.com\/wp-content\/uploads\/2025\/10\/nomade-rayures-2-700x398.jpg 700w, https:\/\/zafusetfutons.com\/wp-content\/uploads\/2025\/10\/nomade-rayures-2-300x170.jpg 300w, https:\/\/zafusetfutons.com\/wp-content\/uploads\/2025\/10\/nomade-rayures-2-768x436.jpg 768w, https:\/\/zafusetfutons.com\/wp-content\/uploads\/2025\/10\/nomade-rayures-2-1536x873.jpg 1536w, https:\/\/zafusetfutons.com\/wp-content\/uploads\/2025\/10\/nomade-rayures-2-2048x1164.jpg 2048w, https:\/\/zafusetfutons.com\/wp-content\/uploads\/2025\/10\/nomade-rayures-2-528x300.jpg 528w\" sizes=\"auto, (max-width: 700px) 100vw, 700px\" \/><\/figure>\n\n\n\n<figure class=\"wp-block-image size-large\"><img loading=\"lazy\" decoding=\"async\" width=\"700\" height=\"511\" src=\"https:\/\/zafusetfutons.com\/wp-content\/uploads\/2025\/10\/nomade-rayures-5-700x511.jpg\" alt=\"\" class=\"wp-image-13394\" srcset=\"https:\/\/zafusetfutons.com\/wp-content\/uploads\/2025\/10\/nomade-rayures-5-700x511.jpg 700w, https:\/\/zafusetfutons.com\/wp-content\/uploads\/2025\/10\/nomade-rayures-5-300x219.jpg 300w, https:\/\/zafusetfutons.com\/wp-content\/uploads\/2025\/10\/nomade-rayures-5-768x560.jpg 768w, https:\/\/zafusetfutons.com\/wp-content\/uploads\/2025\/10\/nomade-rayures-5-1536x1121.jpg 1536w, https:\/\/zafusetfutons.com\/wp-content\/uploads\/2025\/10\/nomade-rayures-5-2048x1495.jpg 2048w, https:\/\/zafusetfutons.com\/wp-content\/uploads\/2025\/10\/nomade-rayures-5-411x300.jpg 411w\" sizes=\"auto, (max-width: 700px) 100vw, 700px\" \/><\/figure>\n","protected":false},"excerpt":{"rendered":"<p>Au fil du temps et suite \u00e0 mon exp\u00e9rience j&rsquo;ai imagin\u00e9 le futon nomade : un petit futon de 70cm dans sa largeur, \u00e0 utiliser aussi bien en couchage d&rsquo;appoint, de voyage, dans un v\u00e9hicule am\u00e9nag\u00e9 ou en habitat nomade. Les dimensions \u00ab\u00a0minimales\u00a0\u00bb et toutefois confortables du futon nomade offrent un futon moins volumineux et&#8230; <\/p>\n<div class=\"link-more\"><a href=\"https:\/\/zafusetfutons.com\/index.php\/futon-nomade\/\">En savoir plus<\/a><\/div>\n","protected":false},"author":1,"featured_media":959,"parent":0,"menu_order":0,"comment_status":"closed","ping_status":"closed","template":"","meta":{"footnotes":""},"class_list":["post-167","page","type-page","status-publish","has-post-thumbnail","hentry"],"_links":{"self":[{"href":"https:\/\/zafusetfutons.com\/index.php\/wp-json\/wp\/v2\/pages\/167","targetHints":{"allow":["GET"]}}],"collection":[{"href":"https:\/\/zafusetfutons.com\/index.php\/wp-json\/wp\/v2\/pages"}],"about":[{"href":"https:\/\/zafusetfutons.com\/index.php\/wp-json\/wp\/v2\/types\/page"}],"author":[{"embeddable":true,"href":"https:\/\/zafusetfutons.com\/index.php\/wp-json\/wp\/v2\/users\/1"}],"replies":[{"embeddable":true,"href":"https:\/\/zafusetfutons.com\/index.php\/wp-json\/wp\/v2\/comments?post=167"}],"version-history":[{"count":44,"href":"https:\/\/zafusetfutons.com\/index.php\/wp-json\/wp\/v2\/pages\/167\/revisions"}],"predecessor-version":[{"id":13395,"href":"https:\/\/zafusetfutons.com\/index.php\/wp-json\/wp\/v2\/pages\/167\/revisions\/13395"}],"wp:featuredmedia":[{"embeddable":true,"href":"https:\/\/zafusetfutons.com\/index.php\/wp-json\/wp\/v2\/media\/959"}],"wp:attachment":[{"href":"https:\/\/zafusetfutons.com\/index.php\/wp-json\/wp\/v2\/media?parent=167"}],"curies":[{"name":"wp","href":"https:\/\/api.w.org\/{rel}","templated":true}]}}