{"id":169,"date":"2023-03-11T16:14:03","date_gmt":"2023-03-11T15:14:03","guid":{"rendered":"http:\/\/zafusetfutons.com\/?page_id=169"},"modified":"2025-12-01T08:59:02","modified_gmt":"2025-12-01T07:59:02","slug":"futon-tapis-de-sol","status":"publish","type":"page","link":"https:\/\/zafusetfutons.com\/index.php\/futon-tapis-de-sol\/","title":{"rendered":"futon tapis de sol"},"content":{"rendered":"<div class=\"wp-block-image\">\n<figure class=\"aligncenter size-large\"><img loading=\"lazy\" decoding=\"async\" width=\"700\" height=\"451\" src=\"https:\/\/zafusetfutons.com\/wp-content\/uploads\/2025\/12\/tapis-sol-mini-1-700x451.jpg\" alt=\"\" class=\"wp-image-13858\" srcset=\"https:\/\/zafusetfutons.com\/wp-content\/uploads\/2025\/12\/tapis-sol-mini-1-700x451.jpg 700w, https:\/\/zafusetfutons.com\/wp-content\/uploads\/2025\/12\/tapis-sol-mini-1-300x193.jpg 300w, https:\/\/zafusetfutons.com\/wp-content\/uploads\/2025\/12\/tapis-sol-mini-1-768x495.jpg 768w, https:\/\/zafusetfutons.com\/wp-content\/uploads\/2025\/12\/tapis-sol-mini-1-1536x989.jpg 1536w, https:\/\/zafusetfutons.com\/wp-content\/uploads\/2025\/12\/tapis-sol-mini-1-2048x1319.jpg 2048w, https:\/\/zafusetfutons.com\/wp-content\/uploads\/2025\/12\/tapis-sol-mini-1-466x300.jpg 466w\" sizes=\"auto, (max-width: 700px) 100vw, 700px\" \/><\/figure>\n<\/div>\n\n\n<p><\/p>\n\n\n\n<p>C&rsquo;est le <strong><a href=\"https:\/\/zafusetfutons.com\/wp-admin\/post.php?post=11&amp;action=edit\" data-type=\"URL\" data-id=\"https:\/\/zafusetfutons.com\/wp-admin\/post.php?post=11&amp;action=edit\" target=\"_blank\" rel=\"noreferrer noopener\">futon<\/a><\/strong> le plus mince, utilis\u00e9 en tapis de sol pour le <strong>yoga<\/strong>, le <strong>qi gong<\/strong>, toutes formes de <strong>gymnastique<\/strong> et de <strong>relaxation<\/strong> ainsi que pour le <strong>camping<\/strong> ! Mince et peu encombrant, il assure cependant un agr\u00e9able confort et <strong>isole parfaitement du froid ou de l&rsquo;humidit\u00e9 du sol<\/strong>, que ce soit en int\u00e9rieur comme en ext\u00e9rieur. Il peut \u00eatre agr\u00e9ment\u00e9 <strong>d&rsquo;attaches et de poign\u00e9es<\/strong> ou accompagn\u00e9 d&rsquo;un <strong>sac de transport.<\/strong><\/p>\n\n\n\n<p>Le <strong>futon tapis de sol<\/strong> est garni de 3 couches de <a href=\"https:\/\/zafusetfutons.com\/index.php\/2022\/02\/07\/laine\/\" target=\"_blank\" rel=\"noopener noreferrer\"><strong>laine<\/strong><\/a> aiguillet\u00e9e maintenues dans une enveloppe en <a href=\"https:\/\/zafusetfutons.com\/index.php\/2021\/01\/05\/tissus-bio\/\" target=\"_blank\" rel=\"noopener noreferrer\"><strong>coton<\/strong><\/a> issu de <strong>l&rsquo;agriculture biologique<\/strong>, <a href=\"http:\/\/zafusetfutons.com\/index.php\/nuancier\/\" target=\"_blank\" rel=\"noreferrer noopener\"><strong>unie ou bicolore<\/strong><\/a> ou tissu autre sur \u00ab\u00a0mesure\u00a0\u00bb. Son \u00e9paisseur est de <strong>4cm<\/strong> environ.<\/p>\n\n\n\n<p><strong>Dimensions et prix :<\/strong><\/p>\n\n\n\n<ul class=\"wp-block-list\">\n<li class=\"has-black-color has-text-color has-link-color wp-elements-bf14fcfc4e30fdc61bfbab9d5bcc1d9b\">65 x 190 cm, avec attaches : 145 \u20ac<\/li>\n\n\n\n<li class=\"has-black-color has-text-color has-link-color wp-elements-ed93f06e0a8132dfed998b10edef272b\">65 x 190, sans attaches  : 110\u20ac<\/li>\n\n\n\n<li>sac de transport : 50\u20ac<\/li>\n\n\n\n<li>port : 15\u20ac<\/li>\n<\/ul>\n\n\n\n<figure class=\"wp-block-gallery has-nested-images columns-default is-cropped wp-block-gallery-1 is-layout-flex wp-block-gallery-is-layout-flex\">\n<figure class=\"wp-block-image size-large\"><img loading=\"lazy\" decoding=\"async\" width=\"700\" height=\"437\" data-id=\"13853\" src=\"https:\/\/zafusetfutons.com\/wp-content\/uploads\/2025\/12\/tapis-de-sol-2--700x437.jpg\" alt=\"\" class=\"wp-image-13853\" srcset=\"https:\/\/zafusetfutons.com\/wp-content\/uploads\/2025\/12\/tapis-de-sol-2--700x437.jpg 700w, https:\/\/zafusetfutons.com\/wp-content\/uploads\/2025\/12\/tapis-de-sol-2--300x187.jpg 300w, https:\/\/zafusetfutons.com\/wp-content\/uploads\/2025\/12\/tapis-de-sol-2--768x480.jpg 768w, https:\/\/zafusetfutons.com\/wp-content\/uploads\/2025\/12\/tapis-de-sol-2--1536x959.jpg 1536w, https:\/\/zafusetfutons.com\/wp-content\/uploads\/2025\/12\/tapis-de-sol-2--2048x1279.jpg 2048w, https:\/\/zafusetfutons.com\/wp-content\/uploads\/2025\/12\/tapis-de-sol-2--480x300.jpg 480w\" sizes=\"auto, (max-width: 700px) 100vw, 700px\" \/><\/figure>\n\n\n\n<figure class=\"wp-block-image size-large\"><img loading=\"lazy\" decoding=\"async\" width=\"700\" height=\"577\" data-id=\"13854\" src=\"https:\/\/zafusetfutons.com\/wp-content\/uploads\/2025\/12\/tapis-de-sol-700x577.jpg\" alt=\"\" class=\"wp-image-13854\" srcset=\"https:\/\/zafusetfutons.com\/wp-content\/uploads\/2025\/12\/tapis-de-sol-700x577.jpg 700w, https:\/\/zafusetfutons.com\/wp-content\/uploads\/2025\/12\/tapis-de-sol-300x247.jpg 300w, https:\/\/zafusetfutons.com\/wp-content\/uploads\/2025\/12\/tapis-de-sol-768x633.jpg 768w, https:\/\/zafusetfutons.com\/wp-content\/uploads\/2025\/12\/tapis-de-sol-1536x1266.jpg 1536w, https:\/\/zafusetfutons.com\/wp-content\/uploads\/2025\/12\/tapis-de-sol-2048x1688.jpg 2048w, https:\/\/zafusetfutons.com\/wp-content\/uploads\/2025\/12\/tapis-de-sol-364x300.jpg 364w\" sizes=\"auto, (max-width: 700px) 100vw, 700px\" \/><\/figure>\n\n\n\n<figure class=\"wp-block-image size-large\"><img loading=\"lazy\" decoding=\"async\" width=\"700\" height=\"364\" data-id=\"13855\" src=\"https:\/\/zafusetfutons.com\/wp-content\/uploads\/2025\/12\/tapis-sol-ouverts-700x364.jpg\" alt=\"\" class=\"wp-image-13855\" srcset=\"https:\/\/zafusetfutons.com\/wp-content\/uploads\/2025\/12\/tapis-sol-ouverts-700x364.jpg 700w, https:\/\/zafusetfutons.com\/wp-content\/uploads\/2025\/12\/tapis-sol-ouverts-300x156.jpg 300w, https:\/\/zafusetfutons.com\/wp-content\/uploads\/2025\/12\/tapis-sol-ouverts-768x399.jpg 768w, https:\/\/zafusetfutons.com\/wp-content\/uploads\/2025\/12\/tapis-sol-ouverts-1536x798.jpg 1536w, https:\/\/zafusetfutons.com\/wp-content\/uploads\/2025\/12\/tapis-sol-ouverts-2048x1064.jpg 2048w, https:\/\/zafusetfutons.com\/wp-content\/uploads\/2025\/12\/tapis-sol-ouverts-577x300.jpg 577w\" sizes=\"auto, (max-width: 700px) 100vw, 700px\" \/><\/figure>\n<\/figure>\n\n\n\n<p><\/p>\n","protected":false},"excerpt":{"rendered":"<p>C&rsquo;est le futon le plus mince, utilis\u00e9 en tapis de sol pour le yoga, le qi gong, toutes formes de gymnastique et de relaxation ainsi que pour le camping ! Mince et peu encombrant, il assure cependant un agr\u00e9able confort et isole parfaitement du froid ou de l&rsquo;humidit\u00e9 du sol, que ce soit en int\u00e9rieur&#8230; <\/p>\n<div class=\"link-more\"><a href=\"https:\/\/zafusetfutons.com\/index.php\/futon-tapis-de-sol\/\">En savoir plus<\/a><\/div>\n","protected":false},"author":1,"featured_media":13860,"parent":0,"menu_order":0,"comment_status":"closed","ping_status":"closed","template":"","meta":{"footnotes":""},"class_list":["post-169","page","type-page","status-publish","has-post-thumbnail","hentry"],"_links":{"self":[{"href":"https:\/\/zafusetfutons.com\/index.php\/wp-json\/wp\/v2\/pages\/169","targetHints":{"allow":["GET"]}}],"collection":[{"href":"https:\/\/zafusetfutons.com\/index.php\/wp-json\/wp\/v2\/pages"}],"about":[{"href":"https:\/\/zafusetfutons.com\/index.php\/wp-json\/wp\/v2\/types\/page"}],"author":[{"embeddable":true,"href":"https:\/\/zafusetfutons.com\/index.php\/wp-json\/wp\/v2\/users\/1"}],"replies":[{"embeddable":true,"href":"https:\/\/zafusetfutons.com\/index.php\/wp-json\/wp\/v2\/comments?post=169"}],"version-history":[{"count":37,"href":"https:\/\/zafusetfutons.com\/index.php\/wp-json\/wp\/v2\/pages\/169\/revisions"}],"predecessor-version":[{"id":13863,"href":"https:\/\/zafusetfutons.com\/index.php\/wp-json\/wp\/v2\/pages\/169\/revisions\/13863"}],"wp:featuredmedia":[{"embeddable":true,"href":"https:\/\/zafusetfutons.com\/index.php\/wp-json\/wp\/v2\/media\/13860"}],"wp:attachment":[{"href":"https:\/\/zafusetfutons.com\/index.php\/wp-json\/wp\/v2\/media?parent=169"}],"curies":[{"name":"wp","href":"https:\/\/api.w.org\/{rel}","templated":true}]}}