{"id":2,"date":"2022-02-15T10:00:27","date_gmt":"2022-02-15T09:00:27","guid":{"rendered":"http:\/\/zafusetfutons.com\/?page_id=2"},"modified":"2025-12-01T10:30:30","modified_gmt":"2025-12-01T09:30:30","slug":"zafu-uni","status":"publish","type":"page","link":"https:\/\/zafusetfutons.com\/index.php\/zafu-uni\/","title":{"rendered":"zafus unis"},"content":{"rendered":"\n<p>Les <a rel=\"noopener\" href=\"https:\/\/zafusetfutons.com\/index.php\/acceuil\/\" target=\"_blank\"><strong>zafus<\/strong><\/a> unis sont cousu dans un&nbsp;<strong> <a rel=\"noopener\" href=\"https:\/\/zafusetfutons.com\/index.php\/2023\/02\/07\/tissus-bio\/\" target=\"_blank\">coton issu de l&rsquo;agriculture biologique<\/a><\/strong>. Ils sont doubl\u00e9s sur le dessus et le dessous. La poign\u00e9e lat\u00e9rale est en tissu uni ou imprim\u00e9. Les coloris disponibles sont visibles sur notre <a href=\"http:\/\/zafusetfutons.com\/index.php\/nuancier\/\" target=\"_blank\" rel=\"noreferrer noopener\"><strong>nuancier<\/strong><\/a>.<\/p>\n\n\n\n<figure class=\"wp-block-gallery has-nested-images columns-default is-cropped wp-block-gallery-1 is-layout-flex wp-block-gallery-is-layout-flex\">\n<figure class=\"wp-block-image size-large\"><img loading=\"lazy\" decoding=\"async\" width=\"700\" height=\"565\" data-id=\"13897\" src=\"https:\/\/zafusetfutons.com\/wp-content\/uploads\/2025\/12\/zafu-bleu-2-700x565.jpg\" alt=\"\" class=\"wp-image-13897\" srcset=\"https:\/\/zafusetfutons.com\/wp-content\/uploads\/2025\/12\/zafu-bleu-2-700x565.jpg 700w, https:\/\/zafusetfutons.com\/wp-content\/uploads\/2025\/12\/zafu-bleu-2-300x242.jpg 300w, https:\/\/zafusetfutons.com\/wp-content\/uploads\/2025\/12\/zafu-bleu-2-768x620.jpg 768w, https:\/\/zafusetfutons.com\/wp-content\/uploads\/2025\/12\/zafu-bleu-2-1536x1241.jpg 1536w, https:\/\/zafusetfutons.com\/wp-content\/uploads\/2025\/12\/zafu-bleu-2-2048x1654.jpg 2048w, https:\/\/zafusetfutons.com\/wp-content\/uploads\/2025\/12\/zafu-bleu-2-371x300.jpg 371w\" sizes=\"auto, (max-width: 700px) 100vw, 700px\" \/><\/figure>\n\n\n\n<figure class=\"wp-block-image size-large\"><img loading=\"lazy\" decoding=\"async\" width=\"700\" height=\"589\" data-id=\"13898\" src=\"https:\/\/zafusetfutons.com\/wp-content\/uploads\/2025\/12\/zafu-rubis-700x589.jpg\" alt=\"\" class=\"wp-image-13898\" srcset=\"https:\/\/zafusetfutons.com\/wp-content\/uploads\/2025\/12\/zafu-rubis-700x589.jpg 700w, https:\/\/zafusetfutons.com\/wp-content\/uploads\/2025\/12\/zafu-rubis-300x252.jpg 300w, https:\/\/zafusetfutons.com\/wp-content\/uploads\/2025\/12\/zafu-rubis-768x646.jpg 768w, https:\/\/zafusetfutons.com\/wp-content\/uploads\/2025\/12\/zafu-rubis-1536x1292.jpg 1536w, https:\/\/zafusetfutons.com\/wp-content\/uploads\/2025\/12\/zafu-rubis-2048x1723.jpg 2048w, https:\/\/zafusetfutons.com\/wp-content\/uploads\/2025\/12\/zafu-rubis-357x300.jpg 357w\" sizes=\"auto, (max-width: 700px) 100vw, 700px\" \/><\/figure>\n\n\n\n<figure class=\"wp-block-image size-large\"><img loading=\"lazy\" decoding=\"async\" width=\"700\" height=\"540\" data-id=\"13899\" src=\"https:\/\/zafusetfutons.com\/wp-content\/uploads\/2025\/12\/zafu-naturel-dragon-700x540.jpg\" alt=\"\" class=\"wp-image-13899\" srcset=\"https:\/\/zafusetfutons.com\/wp-content\/uploads\/2025\/12\/zafu-naturel-dragon-700x540.jpg 700w, https:\/\/zafusetfutons.com\/wp-content\/uploads\/2025\/12\/zafu-naturel-dragon-300x232.jpg 300w, https:\/\/zafusetfutons.com\/wp-content\/uploads\/2025\/12\/zafu-naturel-dragon-768x593.jpg 768w, https:\/\/zafusetfutons.com\/wp-content\/uploads\/2025\/12\/zafu-naturel-dragon-1536x1186.jpg 1536w, https:\/\/zafusetfutons.com\/wp-content\/uploads\/2025\/12\/zafu-naturel-dragon-2048x1581.jpg 2048w, https:\/\/zafusetfutons.com\/wp-content\/uploads\/2025\/12\/zafu-naturel-dragon-389x300.jpg 389w\" sizes=\"auto, (max-width: 700px) 100vw, 700px\" \/><\/figure>\n<\/figure>\n\n\n\n<p><\/p>\n\n\n\n<p><strong>Dimensions<\/strong> : 1kg de <a rel=\"noopener\" href=\"https:\/\/zafusetfutons.com\/index.php\/2023\/02\/07\/le-kapok\/\" target=\"_blank\"><strong>kapok<\/strong><\/a> ou de <a rel=\"noopener\" href=\"https:\/\/zafusetfutons.com\/index.php\/2023\/02\/07\/laine\/\" target=\"_blank\"><strong>flocons de laine<\/strong><\/a> dans une enveloppe de 15cm de c\u00f4t\u00e9 par 30cm de diam\u00e8tre, \u00e9quivalant \u00e0 un <a rel=\"noopener\" href=\"https:\/\/zafusetfutons.com\/index.php\/acceuil\/\" target=\"_blank\"><strong>zafu<\/strong><\/a> de <strong>hauteur 20cm et diam\u00e8tre 35cm<\/strong>. Enveloppe en <strong><a rel=\"noopener\" href=\"https:\/\/zafusetfutons.com\/index.php\/2023\/02\/07\/tissus-bio\/\" target=\"_blank\">coton issu de l&rsquo;agriculture biologique<\/a>, <\/strong>noir ou de <strong><a href=\"http:\/\/zafusetfutons.com\/index.php\/nuancier\/\" target=\"_blank\" rel=\"noreferrer noopener\">couleurs<\/a><\/strong> ;&nbsp; doubl\u00e9e sur le dessus et le dessous, avec ouverture lat\u00e9rale, ainsi qu&rsquo;une poign\u00e9e en coton uni ou \u00e0 motifs coordonn\u00e9s.<\/p>\n\n\n\n<h6 class=\"wp-block-heading\">Prix 60\u20ac&nbsp; livraison 8\u20ac.<\/h6>\n\n\n\n<p>Port d\u00e9gressif en fonction de la quantit\u00e9 de zafus exp\u00e9di\u00e9s.<\/p>\n\n\n\n<figure class=\"wp-block-image size-large is-style-rounded\"><img loading=\"lazy\" decoding=\"async\" width=\"700\" height=\"504\" src=\"https:\/\/zafusetfutons.com\/wp-content\/uploads\/2023\/03\/zafutons-et-zafu-ecru-700x504.jpg\" alt=\"\" class=\"wp-image-1252\" srcset=\"https:\/\/zafusetfutons.com\/wp-content\/uploads\/2023\/03\/zafutons-et-zafu-ecru-700x504.jpg 700w, https:\/\/zafusetfutons.com\/wp-content\/uploads\/2023\/03\/zafutons-et-zafu-ecru-300x216.jpg 300w, https:\/\/zafusetfutons.com\/wp-content\/uploads\/2023\/03\/zafutons-et-zafu-ecru-768x553.jpg 768w, https:\/\/zafusetfutons.com\/wp-content\/uploads\/2023\/03\/zafutons-et-zafu-ecru-1536x1107.jpg 1536w, https:\/\/zafusetfutons.com\/wp-content\/uploads\/2023\/03\/zafutons-et-zafu-ecru-2048x1476.jpg 2048w, https:\/\/zafusetfutons.com\/wp-content\/uploads\/2023\/03\/zafutons-et-zafu-ecru-416x300.jpg 416w\" sizes=\"auto, (max-width: 700px) 100vw, 700px\" \/><\/figure>\n","protected":false},"excerpt":{"rendered":"<p>Les zafus unis sont cousu dans un&nbsp; coton issu de l&rsquo;agriculture biologique. Ils sont doubl\u00e9s sur le dessus et le dessous. La poign\u00e9e lat\u00e9rale est en tissu uni ou imprim\u00e9. Les coloris disponibles sont visibles sur notre nuancier. Dimensions : 1kg de kapok ou de flocons de laine dans une enveloppe de 15cm de c\u00f4t\u00e9&#8230; <\/p>\n<div class=\"link-more\"><a href=\"https:\/\/zafusetfutons.com\/index.php\/zafu-uni\/\">En savoir plus<\/a><\/div>\n","protected":false},"author":1,"featured_media":559,"parent":0,"menu_order":0,"comment_status":"closed","ping_status":"open","template":"","meta":{"footnotes":""},"class_list":["post-2","page","type-page","status-publish","has-post-thumbnail","hentry"],"_links":{"self":[{"href":"https:\/\/zafusetfutons.com\/index.php\/wp-json\/wp\/v2\/pages\/2","targetHints":{"allow":["GET"]}}],"collection":[{"href":"https:\/\/zafusetfutons.com\/index.php\/wp-json\/wp\/v2\/pages"}],"about":[{"href":"https:\/\/zafusetfutons.com\/index.php\/wp-json\/wp\/v2\/types\/page"}],"author":[{"embeddable":true,"href":"https:\/\/zafusetfutons.com\/index.php\/wp-json\/wp\/v2\/users\/1"}],"replies":[{"embeddable":true,"href":"https:\/\/zafusetfutons.com\/index.php\/wp-json\/wp\/v2\/comments?post=2"}],"version-history":[{"count":68,"href":"https:\/\/zafusetfutons.com\/index.php\/wp-json\/wp\/v2\/pages\/2\/revisions"}],"predecessor-version":[{"id":13900,"href":"https:\/\/zafusetfutons.com\/index.php\/wp-json\/wp\/v2\/pages\/2\/revisions\/13900"}],"wp:featuredmedia":[{"embeddable":true,"href":"https:\/\/zafusetfutons.com\/index.php\/wp-json\/wp\/v2\/media\/559"}],"wp:attachment":[{"href":"https:\/\/zafusetfutons.com\/index.php\/wp-json\/wp\/v2\/media?parent=2"}],"curies":[{"name":"wp","href":"https:\/\/api.w.org\/{rel}","templated":true}]}}