{"id":237,"date":"2023-03-12T20:05:35","date_gmt":"2023-03-12T19:05:35","guid":{"rendered":"http:\/\/zafusetfutons.com\/?page_id=237"},"modified":"2026-04-07T11:09:55","modified_gmt":"2026-04-07T09:09:55","slug":"zafuton","status":"publish","type":"page","link":"https:\/\/zafusetfutons.com\/index.php\/zafuton\/","title":{"rendered":"zafuton et zabuton"},"content":{"rendered":"\n<div class=\"wp-block-columns is-layout-flex wp-container-core-columns-is-layout-9d6595d7 wp-block-columns-is-layout-flex\">\n<div class=\"wp-block-column is-layout-flow wp-block-column-is-layout-flow\" style=\"flex-basis:100%\">\n<p>Le <strong>zabuton<\/strong>, utilis\u00e9 traditionnellement au Japon comme \u00ab\u00a0coussin de sol\u00a0\u00bb, est un <strong>coussin carr\u00e9<\/strong>, de 50 cm de c\u00f4t\u00e9 et d&rsquo;une \u00e9paisseur moyenne de 5 cm. Il est utilis\u00e9 pour <strong>s&rsquo;assoir au sol<\/strong>, autour d&rsquo;une table basse, sur une terrasse, dans un espace de relaxation&#8230;etc&#8230;<\/p>\n\n\n\n<p>Il est une alternative en occident \u00e0 un mobilier plus encombrant tel les chaises ou les fauteuils, pour les <strong>petits espaces<\/strong> ou pour accueillir un <strong>groupe de personnes<\/strong>.<\/p>\n<\/div>\n<\/div>\n\n\n\n<div class=\"wp-block-group\"><div class=\"wp-block-group__inner-container is-layout-constrained wp-block-group-is-layout-constrained\">\n<div class=\"wp-block-group is-nowrap is-layout-flex wp-container-core-group-is-layout-ad2f72ca wp-block-group-is-layout-flex\">\n<figure class=\"wp-block-image size-large\"><img loading=\"lazy\" decoding=\"async\" width=\"700\" height=\"443\" src=\"https:\/\/zafusetfutons.com\/wp-content\/uploads\/2023\/03\/zabuton-et-table-700x443.jpg\" alt=\"\" class=\"wp-image-1197\" srcset=\"https:\/\/zafusetfutons.com\/wp-content\/uploads\/2023\/03\/zabuton-et-table-700x443.jpg 700w, https:\/\/zafusetfutons.com\/wp-content\/uploads\/2023\/03\/zabuton-et-table-300x190.jpg 300w, https:\/\/zafusetfutons.com\/wp-content\/uploads\/2023\/03\/zabuton-et-table-768x486.jpg 768w, https:\/\/zafusetfutons.com\/wp-content\/uploads\/2023\/03\/zabuton-et-table-1536x971.jpg 1536w, https:\/\/zafusetfutons.com\/wp-content\/uploads\/2023\/03\/zabuton-et-table-2048x1295.jpg 2048w, https:\/\/zafusetfutons.com\/wp-content\/uploads\/2023\/03\/zabuton-et-table-474x300.jpg 474w\" sizes=\"auto, (max-width: 700px) 100vw, 700px\" \/><\/figure>\n\n\n<div class=\"wp-block-image\">\n<figure class=\"aligncenter size-large\"><img loading=\"lazy\" decoding=\"async\" width=\"700\" height=\"536\" src=\"https:\/\/zafusetfutons.com\/wp-content\/uploads\/2023\/03\/zafutons-700x536.jpg\" alt=\"\" class=\"wp-image-1185\" srcset=\"https:\/\/zafusetfutons.com\/wp-content\/uploads\/2023\/03\/zafutons-700x536.jpg 700w, https:\/\/zafusetfutons.com\/wp-content\/uploads\/2023\/03\/zafutons-300x230.jpg 300w, https:\/\/zafusetfutons.com\/wp-content\/uploads\/2023\/03\/zafutons-768x588.jpg 768w, https:\/\/zafusetfutons.com\/wp-content\/uploads\/2023\/03\/zafutons-1536x1175.jpg 1536w, https:\/\/zafusetfutons.com\/wp-content\/uploads\/2023\/03\/zafutons-2048x1567.jpg 2048w, https:\/\/zafusetfutons.com\/wp-content\/uploads\/2023\/03\/zafutons-392x300.jpg 392w\" sizes=\"auto, (max-width: 700px) 100vw, 700px\" \/><\/figure>\n<\/div><\/div>\n<\/div><\/div>\n\n\n\n<p><\/p>\n\n\n\n<p class=\"has-text-align-left\">Le <strong>zafuton<\/strong>, terme utilis\u00e9 par extension en occident, est un <strong>tapis de m\u00e9ditation carr\u00e9<\/strong>, de 80 cm de c\u00f4t\u00e9, sur lequel est pos\u00e9 le <a rel=\"noreferrer noopener\" href=\"https:\/\/zafusetfutons.com\/index.php\/acceuil\/\" data-type=\"page\" data-id=\"109\" target=\"_blank\">zafu<\/a>, am\u00e9liorant le confort pendant la m\u00e9ditation en <strong>isolant du sol<\/strong> les genoux et les chevilles. Il permet une pratique de la m\u00e9ditation sur toutes qualit\u00e9s de sol et en <strong>ext\u00e9rieur<\/strong>. Sa forme carr\u00e9 minimale permet de d\u00e9limiter votre <strong>espace de m\u00e9ditation<\/strong>, elle s&rsquo;int\u00e8gre \u00e9galement aux espaces de m\u00e9ditation collectifs.<\/p>\n\n\n\n<p>Il est possible d&rsquo;ajouter une <strong>r\u00e9hausse<\/strong> de quelques cm utilis\u00e9e entre la zafuton et le <a rel=\"noreferrer noopener\" href=\"https:\/\/zafusetfutons.com\/index.php\/acceuil\/\" data-type=\"URL\" data-id=\"https:\/\/zafusetfutons.com\/index.php\/acceuil\/\" target=\"_blank\">zafu<\/a> si besoin. La r\u00e9hausse est un petit coussin de forme carr\u00e9 de 38 cm de c\u00f4t\u00e9, ou r\u00e9alis\u00e9e sur mesure.<\/p>\n\n\n\n<p>Les <strong>zabutons<\/strong> et <strong>zafutons<\/strong> sont garnis respectivement de <strong>6 <\/strong>et<strong> 3 couches de <a rel=\"noopener noreferrer\" href=\"https:\/\/zafusetfutons.com\/index.php\/2022\/02\/07\/laine\/\" target=\"_blank\">laine<\/a><\/strong> aiguillet\u00e9e, maintenues dans une enveloppe en <strong><a rel=\"noreferrer noopener\" href=\"https:\/\/zafusetfutons.com\/index.php\/2023\/02\/07\/tissus-bio\/\" data-type=\"post\" data-id=\"780\" target=\"_blank\">coton<\/a> issu de l&rsquo;agriculture biologique<\/strong>, noir ou de couleur suivant notre <strong><a href=\"https:\/\/zafusetfutons.com\/index.php\/nuancier\/\" data-type=\"URL\" data-id=\"https:\/\/zafusetfutons.com\/index.php\/nuancier\/\" target=\"_blank\" rel=\"noreferrer noopener\">nuancier<\/a><\/strong>, le tout piqu\u00e9 \u00e0 intervalles r\u00e9guliers. La laine dispense un confort non n\u00e9gligeable de par sa souplesse, son gonflant et son important pouvoir isolant&#8230; <\/p>\n\n\n\n<p><strong>Dimensions et prix :<\/strong> <\/p>\n\n\n\n<ul class=\"wp-block-list\">\n<li><strong>zabuton<\/strong> : 50x50cm ou sur mesure, <em>\u00e9paisseur<\/em> 6cm environ. <\/li>\n\n\n\n<li><strong>zafuton<\/strong> : 80x80cm ou sur mesure, <em>\u00e9paisseur<\/em> : 4cm environ.<\/li>\n\n\n\n<li><strong>r\u00e9hausse<\/strong> : 38x38cm ou sur mesure, \u00e9paisseur ; 5cm environ.<\/li>\n<\/ul>\n\n\n\n<ul class=\"wp-block-list\">\n<li class=\"has-medium-font-size\">zabuton :  50\u20ac<\/li>\n\n\n\n<li class=\"has-medium-font-size\">zafuton : <strong> <\/strong> 60\u20ac<\/li>\n\n\n\n<li class=\"has-medium-font-size\">r\u00e9hausse : 28\u20ac<\/li>\n<\/ul>\n\n\n\n<h6 class=\"wp-block-heading\"><\/h6>\n\n\n\n<div class=\"wp-block-group\"><div class=\"wp-block-group__inner-container is-layout-constrained wp-block-group-is-layout-constrained\"><div class=\"wp-block-image is-style-rounded\">\n<figure class=\"aligncenter size-large\"><img loading=\"lazy\" decoding=\"async\" width=\"700\" height=\"525\" src=\"https:\/\/zafusetfutons.com\/wp-content\/uploads\/2023\/03\/zafu-et-zafuton-1-700x525.jpg\" alt=\"\" class=\"wp-image-1187\" srcset=\"https:\/\/zafusetfutons.com\/wp-content\/uploads\/2023\/03\/zafu-et-zafuton-1-700x525.jpg 700w, https:\/\/zafusetfutons.com\/wp-content\/uploads\/2023\/03\/zafu-et-zafuton-1-300x225.jpg 300w, https:\/\/zafusetfutons.com\/wp-content\/uploads\/2023\/03\/zafu-et-zafuton-1-768x576.jpg 768w, https:\/\/zafusetfutons.com\/wp-content\/uploads\/2023\/03\/zafu-et-zafuton-1-1536x1152.jpg 1536w, https:\/\/zafusetfutons.com\/wp-content\/uploads\/2023\/03\/zafu-et-zafuton-1-2048x1536.jpg 2048w, https:\/\/zafusetfutons.com\/wp-content\/uploads\/2023\/03\/zafu-et-zafuton-1-400x300.jpg 400w\" sizes=\"auto, (max-width: 700px) 100vw, 700px\" \/><\/figure>\n<\/div><\/div><\/div>\n\n\n\n<h4 class=\"wp-block-heading\">&nbsp;<\/h4>\n","protected":false},"excerpt":{"rendered":"<p>Le zabuton, utilis\u00e9 traditionnellement au Japon comme \u00ab\u00a0coussin de sol\u00a0\u00bb, est un coussin carr\u00e9, de 50 cm de c\u00f4t\u00e9 et d&rsquo;une \u00e9paisseur moyenne de 5 cm. Il est utilis\u00e9 pour s&rsquo;assoir au sol, autour d&rsquo;une table basse, sur une terrasse, dans un espace de relaxation&#8230;etc&#8230; Il est une alternative en occident \u00e0 un mobilier plus&#8230; <\/p>\n<div class=\"link-more\"><a href=\"https:\/\/zafusetfutons.com\/index.php\/zafuton\/\">En savoir plus<\/a><\/div>\n","protected":false},"author":1,"featured_media":903,"parent":0,"menu_order":0,"comment_status":"closed","ping_status":"closed","template":"","meta":{"footnotes":""},"class_list":["post-237","page","type-page","status-publish","has-post-thumbnail","hentry"],"_links":{"self":[{"href":"https:\/\/zafusetfutons.com\/index.php\/wp-json\/wp\/v2\/pages\/237","targetHints":{"allow":["GET"]}}],"collection":[{"href":"https:\/\/zafusetfutons.com\/index.php\/wp-json\/wp\/v2\/pages"}],"about":[{"href":"https:\/\/zafusetfutons.com\/index.php\/wp-json\/wp\/v2\/types\/page"}],"author":[{"embeddable":true,"href":"https:\/\/zafusetfutons.com\/index.php\/wp-json\/wp\/v2\/users\/1"}],"replies":[{"embeddable":true,"href":"https:\/\/zafusetfutons.com\/index.php\/wp-json\/wp\/v2\/comments?post=237"}],"version-history":[{"count":44,"href":"https:\/\/zafusetfutons.com\/index.php\/wp-json\/wp\/v2\/pages\/237\/revisions"}],"predecessor-version":[{"id":14726,"href":"https:\/\/zafusetfutons.com\/index.php\/wp-json\/wp\/v2\/pages\/237\/revisions\/14726"}],"wp:featuredmedia":[{"embeddable":true,"href":"https:\/\/zafusetfutons.com\/index.php\/wp-json\/wp\/v2\/media\/903"}],"wp:attachment":[{"href":"https:\/\/zafusetfutons.com\/index.php\/wp-json\/wp\/v2\/media?parent=237"}],"curies":[{"name":"wp","href":"https:\/\/api.w.org\/{rel}","templated":true}]}}