{"id":346,"date":"2019-09-07T17:34:05","date_gmt":"2019-09-07T15:34:05","guid":{"rendered":"http:\/\/zafusetfutons.com\/?page_id=346"},"modified":"2025-07-08T12:42:58","modified_gmt":"2025-07-08T10:42:58","slug":"contact-commande","status":"publish","type":"page","link":"https:\/\/zafusetfutons.com\/index.php\/contact-commande\/","title":{"rendered":"contact &#038; commande"},"content":{"rendered":"\n<p>Bonjour et merci de votre visite sur le site zafus et futons ! <\/p>\n\n\n\n<p>Pour toute information ou pour passer commande, veuillez utilisez svp le formulaire de contact ci-dessous, ou contactez nous par tel au : 0561965513.<\/p>\n\n\n\n<p>Toutes vos questions seront les bienvenues ! Vous pouvez \u00e9galement t\u00e9l\u00e9charger le <strong>bon de commande<\/strong> ci-dessous, et nous le renvoyer compl\u00e9t\u00e9 et accompagn\u00e9 de votre r\u00e8glement par ch\u00e8que bancaire. <\/p>\n\n\n\n<div class=\"wp-block-file\"><a id=\"wp-block-file--media-8ded8fbb-4481-40fe-b3cb-6b4d5f7b3381\" href=\"https:\/\/zafusetfutons.com\/wp-content\/uploads\/2023\/03\/BC-zafusetfutons-scaled.jpg\">bon de commande<\/a><a href=\"https:\/\/zafusetfutons.com\/wp-content\/uploads\/2023\/03\/BC-zafusetfutons-scaled.jpg\" class=\"wp-block-file__button wp-element-button\" download aria-describedby=\"wp-block-file--media-8ded8fbb-4481-40fe-b3cb-6b4d5f7b3381\">T\u00e9l\u00e9charger<\/a><\/div>\n\n\n\n<div class=\"wp-block-contact-form-7-contact-form-selector\">\n<div class=\"wpcf7 no-js\" id=\"wpcf7-f1520-o1\" lang=\"fr-FR\" dir=\"ltr\" data-wpcf7-id=\"1520\">\n<div class=\"screen-reader-response\"><p role=\"status\" aria-live=\"polite\" aria-atomic=\"true\"><\/p> <ul><\/ul><\/div>\n<form action=\"\/index.php\/wp-json\/wp\/v2\/pages\/346#wpcf7-f1520-o1\" method=\"post\" class=\"wpcf7-form init\" aria-label=\"Formulaire de contact\" novalidate=\"novalidate\" data-status=\"init\">\n<fieldset class=\"hidden-fields-container\"><input type=\"hidden\" name=\"_wpcf7\" value=\"1520\" \/><input type=\"hidden\" name=\"_wpcf7_version\" value=\"6.1.5\" \/><input type=\"hidden\" name=\"_wpcf7_locale\" value=\"fr_FR\" \/><input type=\"hidden\" name=\"_wpcf7_unit_tag\" value=\"wpcf7-f1520-o1\" \/><input type=\"hidden\" name=\"_wpcf7_container_post\" value=\"0\" \/><input type=\"hidden\" name=\"_wpcf7_posted_data_hash\" value=\"\" \/><input type=\"hidden\" name=\"_wpcf7_recaptcha_response\" value=\"\" \/>\n<\/fieldset>\n<p><label> Votre nom<br \/>\n<span class=\"wpcf7-form-control-wrap\" data-name=\"your-name\"><input size=\"40\" maxlength=\"400\" class=\"wpcf7-form-control wpcf7-text wpcf7-validates-as-required\" autocomplete=\"name\" aria-required=\"true\" aria-invalid=\"false\" value=\"\" type=\"text\" name=\"your-name\" \/><\/span> <\/label>\n<\/p>\n<p><label> Votre e-mail<br \/>\n<span class=\"wpcf7-form-control-wrap\" data-name=\"your-email\"><input size=\"40\" maxlength=\"400\" class=\"wpcf7-form-control wpcf7-email wpcf7-validates-as-required wpcf7-text wpcf7-validates-as-email\" autocomplete=\"email\" aria-required=\"true\" aria-invalid=\"false\" value=\"\" type=\"email\" name=\"your-email\" \/><\/span> <\/label>\n<\/p>\n<p><label> Objet<br \/>\n<span class=\"wpcf7-form-control-wrap\" data-name=\"your-subject\"><input size=\"40\" maxlength=\"400\" class=\"wpcf7-form-control wpcf7-text wpcf7-validates-as-required\" aria-required=\"true\" aria-invalid=\"false\" value=\"\" type=\"text\" name=\"your-subject\" \/><\/span> <\/label>\n<\/p>\n<p><label> Votre message (facultatif)<br \/>\n<span class=\"wpcf7-form-control-wrap\" data-name=\"your-message\"><textarea cols=\"40\" rows=\"10\" maxlength=\"2000\" class=\"wpcf7-form-control wpcf7-textarea\" aria-invalid=\"false\" name=\"your-message\"><\/textarea><\/span> <\/label>\n<\/p>\n<p><input class=\"wpcf7-form-control wpcf7-submit has-spinner\" type=\"submit\" value=\"Envoyer\" \/>\n<\/p><div class=\"wpcf7-response-output\" aria-hidden=\"true\"><\/div>\n<\/form>\n<\/div>\n<\/div>\n\n\n\n<p class=\"has-text-align-left\">A tr\u00e8s bient\u00f4t !<\/p>\n\n\n<div class=\"wp-block-image\">\n<figure class=\"aligncenter size-full\"><img loading=\"lazy\" decoding=\"async\" width=\"388\" height=\"368\" src=\"https:\/\/zafusetfutons.com\/wp-content\/uploads\/2017\/01\/etiquette-zafus-1-e1709673915606.jpg\" alt=\"\" class=\"wp-image-18\" srcset=\"https:\/\/zafusetfutons.com\/wp-content\/uploads\/2017\/01\/etiquette-zafus-1-e1709673915606.jpg 388w, https:\/\/zafusetfutons.com\/wp-content\/uploads\/2017\/01\/etiquette-zafus-1-e1709673915606-300x285.jpg 300w, https:\/\/zafusetfutons.com\/wp-content\/uploads\/2017\/01\/etiquette-zafus-1-e1709673915606-316x300.jpg 316w\" sizes=\"auto, (max-width: 388px) 100vw, 388px\" \/><\/figure>\n<\/div>\n\n\n<p><\/p>\n\n\n\n<p><strong>Conditions g\u00e9n\u00e9rales de vente :<\/strong><br>1-Cause g\u00e9n\u00e9rale : Nos ventes sont soumises aux pr\u00e9sentes conditions g\u00e9n\u00e9rales, sauf d\u00e9rogation formelle de notre part.<br>2-Prix : Les factures sont \u00e9tablies aux tarifs et aux conditions en vigueur au moment de l\u2019enregistrement de la commande.<br>3-Conditions de paiement : Paiement dans son int\u00e9gralit\u00e9 lors de la commande, toutefois certains produits sp\u00e9cifiques peuvent n\u00e9cessiter un r\u00e8glement particulier. Une d\u00e9rogation est possible apr\u00e8s acceptation de notre part, pour un paiement sur une ou plusieurs \u00e9ch\u00e9ances.<br>4-Livraison : Nos envois sont effectu\u00e9s par transporteur, par collissimo ou par nos propres soins, et donnent lieu \u00e0 une facturation de frais de port.<br>Les envois effectu\u00e9s pas transporteur ou par collisimo voyagent aux risques et p\u00e9rils de l\u2019acheteur.<br>L\u2019acheteur v\u00e9rifiera la marchandise en pr\u00e9sence du transporteur. Selon l\u2019article L 133-3 du code de commerce :<br>\u00abla r\u00e9ception des objets \u00e9teint toute action contre le transporteur pour perte ou avarie partielle si dans les trois jours, non compris les jours feri\u00e9s,qui suivent celui de cette r\u00e9ception, le destinataire n\u2019a pas notifi\u00e9 au transporteur, par acte extrajudiciaire ou par lettre recommand\u00e9e, sa protestation motiv\u00e9e\u00bb.<br>En cas de retard entre la prise en charges chez nous et la livraison chez l\u2019acheteur, la responsabilit\u00e9 totale en reviendra au transporteur.<br>5-R\u00e9tractation : L\u2019acheteur peut demander dans les huit jours suivant la r\u00e9ception, le remboursement ou l\u2019\u00e9change des articles en nous les retournant complets, emball\u00e9s et en parfait \u00e9tat, accompagn\u00e9 de la facture originale en nous pr\u00e9cisant par \u00e9crit le motif de retour.<br>Tout les frais de retour seront \u00e0 la charge de l\u2019acheteur. Tous les articles sur mesures selon les contraintes du client, sp\u00e9cifi\u00e9es \u00absur mesures\u00bb sur les factures, devis et commandes, ne seront ni repris ni \u00e9chang\u00e9s.<br>6-Contestations : En cas de contestations, les tribunaux de notre domicile sont seuls comp\u00e9tents.<\/p>\n","protected":false},"excerpt":{"rendered":"<p>Bonjour et merci de votre visite sur le site zafus et futons ! Pour toute information ou pour passer commande, veuillez utilisez svp le formulaire de contact ci-dessous, ou contactez nous par tel au : 0561965513. Toutes vos questions seront les bienvenues ! Vous pouvez \u00e9galement t\u00e9l\u00e9charger le bon de commande ci-dessous, et nous le&#8230; <\/p>\n<div class=\"link-more\"><a href=\"https:\/\/zafusetfutons.com\/index.php\/contact-commande\/\">En savoir plus<\/a><\/div>\n","protected":false},"author":1,"featured_media":843,"parent":0,"menu_order":0,"comment_status":"closed","ping_status":"closed","template":"","meta":{"footnotes":""},"class_list":["post-346","page","type-page","status-publish","has-post-thumbnail","hentry"],"_links":{"self":[{"href":"https:\/\/zafusetfutons.com\/index.php\/wp-json\/wp\/v2\/pages\/346","targetHints":{"allow":["GET"]}}],"collection":[{"href":"https:\/\/zafusetfutons.com\/index.php\/wp-json\/wp\/v2\/pages"}],"about":[{"href":"https:\/\/zafusetfutons.com\/index.php\/wp-json\/wp\/v2\/types\/page"}],"author":[{"embeddable":true,"href":"https:\/\/zafusetfutons.com\/index.php\/wp-json\/wp\/v2\/users\/1"}],"replies":[{"embeddable":true,"href":"https:\/\/zafusetfutons.com\/index.php\/wp-json\/wp\/v2\/comments?post=346"}],"version-history":[{"count":59,"href":"https:\/\/zafusetfutons.com\/index.php\/wp-json\/wp\/v2\/pages\/346\/revisions"}],"predecessor-version":[{"id":11427,"href":"https:\/\/zafusetfutons.com\/index.php\/wp-json\/wp\/v2\/pages\/346\/revisions\/11427"}],"wp:featuredmedia":[{"embeddable":true,"href":"https:\/\/zafusetfutons.com\/index.php\/wp-json\/wp\/v2\/media\/843"}],"wp:attachment":[{"href":"https:\/\/zafusetfutons.com\/index.php\/wp-json\/wp\/v2\/media?parent=346"}],"curies":[{"name":"wp","href":"https:\/\/api.w.org\/{rel}","templated":true}]}}