{"id":471,"date":"2022-09-24T13:48:33","date_gmt":"2022-09-24T11:48:33","guid":{"rendered":"http:\/\/zafusetfutons.com\/?page_id=471"},"modified":"2026-03-27T15:03:50","modified_gmt":"2026-03-27T14:03:50","slug":"couettes-et-oreillers","status":"publish","type":"page","link":"https:\/\/zafusetfutons.com\/index.php\/couettes-et-oreillers\/","title":{"rendered":"couettes et oreillers"},"content":{"rendered":"\n<p>La <strong>couette de laine<\/strong>, souple et douillette, procure un agr\u00e9able confort et une temp\u00e9rature id\u00e9ale aussi bien pour la mi-saison qu&rsquo;en hiver dans un espace mod\u00e9r\u00e9ment chauff\u00e9. La <a rel=\"noreferrer noopener\" href=\"https:\/\/zafusetfutons.com\/?page_id=1232\" data-type=\"page\" data-id=\"1232\" target=\"_blank\"><strong>laine<\/strong><\/a> provenant de la tonte des moutons est un produit naturel respectant la vie animale. La<strong> <a rel=\"noopener noreferrer\" href=\"http:\/\/zafusetfutons.com\/index.php\/2017\/02\/07\/laine\/\" target=\"_blank\">laine<\/a><\/strong> n&rsquo;est pas trait\u00e9e, simplement lav\u00e9e, d\u00e9graiss\u00e9e et card\u00e9e m\u00e9caniquement.<\/p>\n\n\n\n<p>La laine que j&rsquo;utilise est issue d&rsquo;un \u00e9levage en bio et localis\u00e9 dans notre commune en Ari\u00e8ge, et est card\u00e9e par&nbsp;<strong><a rel=\"noopener noreferrer\" href=\"http:\/\/www.filaturedeniaux.com\/tag\/laines-des-pyrenees\/\" target=\"_blank\">Sibada laines<\/a>, petite filature des pyr\u00e9n\u00e9es Ari\u00e8geoises. <\/strong>Chaque couette est garnie d&rsquo;une ou plusieurs nappes de laine card\u00e9e, en 500g\/m\u00b2.<strong><span style=\"color: #339966;\"><br><\/span><\/strong>La housse dans laquelle est maintenue la laine est confectionn\u00e9e en percale de <strong><a href=\"https:\/\/zafusetfutons.com\/wp-admin\/post.php?post=780&amp;action=edit\" data-type=\"URL\" data-id=\"https:\/\/zafusetfutons.com\/wp-admin\/post.php?post=780&amp;action=edit\" target=\"_blank\" rel=\"noreferrer noopener\">coton issu de l&rsquo;agriculture biologique<\/a><\/strong> de couleur naturelle<span style=\"color: #339966;\"><strong>.<\/strong><\/span><\/p>\n\n\n\n<p>Je confectionne \u00e9galement des <strong>oreillers<\/strong> garnis d&rsquo;un m\u00e9lange de <strong><a href=\"https:\/\/zafusetfutons.com\/wp-admin\/post.php?post=142&amp;action=edit\" data-type=\"URL\" data-id=\"https:\/\/zafusetfutons.com\/wp-admin\/post.php?post=142&amp;action=edit\" target=\"_blank\" rel=\"noreferrer noopener\">laine card\u00e9e en nappe et en flocons<\/a><\/strong>, maintenu dans des housses de coton bio \u00e9cru.<\/p>\n\n\n<div class=\"wp-block-image\">\n<figure class=\"aligncenter\"><img loading=\"lazy\" decoding=\"async\" width=\"700\" height=\"525\" src=\"https:\/\/zafusetfutons.com\/wp-content\/uploads\/2017\/09\/oreiller-web-700x525.jpg\" alt=\"\" class=\"wp-image-949\" srcset=\"https:\/\/zafusetfutons.com\/wp-content\/uploads\/2017\/09\/oreiller-web-700x525.jpg 700w, https:\/\/zafusetfutons.com\/wp-content\/uploads\/2017\/09\/oreiller-web-300x225.jpg 300w, https:\/\/zafusetfutons.com\/wp-content\/uploads\/2017\/09\/oreiller-web-768x576.jpg 768w, https:\/\/zafusetfutons.com\/wp-content\/uploads\/2017\/09\/oreiller-web-400x300.jpg 400w\" sizes=\"auto, (max-width: 700px) 100vw, 700px\" \/><\/figure>\n<\/div>\n\n\n<p><\/p>\n\n\n\n<p class=\"has-black-color has-text-color\"><strong>Tarifs<\/strong> : <\/p>\n\n\n\n<ul class=\"wp-block-list\">\n<li>Couette une place&nbsp; : 140&#215;200 : 220\u20ac   <\/li>\n\n\n\n<li>Couette deux places : 200&#215;200 : 320\u20ac <\/li>\n\n\n\n<li class=\"has-luminous-vivid-orange-color has-text-color has-link-color wp-elements-c7a83ce1f38e1d9ee5377b9be785f6cb\">Oreiller rectangulaire : 40&#215;60 : 50\u20ac     article non disponible<\/li>\n\n\n\n<li class=\"has-luminous-vivid-orange-color has-text-color has-link-color wp-elements-372b4ef442ee8b87d0c4452a92a7dffb\">Oreiller carr\u00e9 : 60&#215;60 : 55\u20ac    article non disponible<\/li>\n<\/ul>\n\n\n\n<p>Pour tous travaux sur mesure, rejoignez la page <a href=\"https:\/\/zafusetfutons.com\/index.php\/contact\/\" data-type=\"URL\" data-id=\"https:\/\/zafusetfutons.com\/index.php\/contact\/\" target=\"_blank\" rel=\"noreferrer noopener\">contact<\/a> de notre site.<\/p>\n","protected":false},"excerpt":{"rendered":"<p>La couette de laine, souple et douillette, procure un agr\u00e9able confort et une temp\u00e9rature id\u00e9ale aussi bien pour la mi-saison qu&rsquo;en hiver dans un espace mod\u00e9r\u00e9ment chauff\u00e9. La laine provenant de la tonte des moutons est un produit naturel respectant la vie animale. La laine n&rsquo;est pas trait\u00e9e, simplement lav\u00e9e, d\u00e9graiss\u00e9e et card\u00e9e m\u00e9caniquement. La&#8230; <\/p>\n<div class=\"link-more\"><a href=\"https:\/\/zafusetfutons.com\/index.php\/couettes-et-oreillers\/\">En savoir plus<\/a><\/div>\n","protected":false},"author":1,"featured_media":947,"parent":0,"menu_order":0,"comment_status":"closed","ping_status":"closed","template":"","meta":{"footnotes":""},"class_list":["post-471","page","type-page","status-publish","has-post-thumbnail","hentry"],"_links":{"self":[{"href":"https:\/\/zafusetfutons.com\/index.php\/wp-json\/wp\/v2\/pages\/471","targetHints":{"allow":["GET"]}}],"collection":[{"href":"https:\/\/zafusetfutons.com\/index.php\/wp-json\/wp\/v2\/pages"}],"about":[{"href":"https:\/\/zafusetfutons.com\/index.php\/wp-json\/wp\/v2\/types\/page"}],"author":[{"embeddable":true,"href":"https:\/\/zafusetfutons.com\/index.php\/wp-json\/wp\/v2\/users\/1"}],"replies":[{"embeddable":true,"href":"https:\/\/zafusetfutons.com\/index.php\/wp-json\/wp\/v2\/comments?post=471"}],"version-history":[{"count":34,"href":"https:\/\/zafusetfutons.com\/index.php\/wp-json\/wp\/v2\/pages\/471\/revisions"}],"predecessor-version":[{"id":14679,"href":"https:\/\/zafusetfutons.com\/index.php\/wp-json\/wp\/v2\/pages\/471\/revisions\/14679"}],"wp:featuredmedia":[{"embeddable":true,"href":"https:\/\/zafusetfutons.com\/index.php\/wp-json\/wp\/v2\/media\/947"}],"wp:attachment":[{"href":"https:\/\/zafusetfutons.com\/index.php\/wp-json\/wp\/v2\/media?parent=471"}],"curies":[{"name":"wp","href":"https:\/\/api.w.org\/{rel}","templated":true}]}}