{"id":582,"date":"2019-02-06T00:00:30","date_gmt":"2019-02-05T23:00:30","guid":{"rendered":"http:\/\/zafusetfutons.com\/?page_id=582"},"modified":"2025-03-21T10:35:54","modified_gmt":"2025-03-21T09:35:54","slug":"nuancier","status":"publish","type":"page","link":"https:\/\/zafusetfutons.com\/index.php\/nuancier\/","title":{"rendered":"nuancier"},"content":{"rendered":"\n<div class=\"wp-block-columns is-layout-flex wp-container-core-columns-is-layout-9d6595d7 wp-block-columns-is-layout-flex\">\n<div class=\"wp-block-column is-layout-flow wp-block-column-is-layout-flow\" style=\"flex-basis:100%\">\n<div class=\"wp-block-group\"><div class=\"wp-block-group__inner-container is-layout-constrained wp-block-group-is-layout-constrained\">\n<p>Tissus en toile de <strong><a href=\"https:\/\/zafusetfutons.com\/index.php\/2021\/01\/05\/tissus-bio\/\" target=\"_blank\" rel=\"noreferrer noopener\">coton<\/a> issu de l&rsquo;agriculture biologique<\/strong>, <strong>certifi\u00e9e GOTS.<\/strong><\/p>\n\n\n\n<div class=\"wp-block-group is-layout-grid wp-container-core-group-is-layout-9649a0d9 wp-block-group-is-layout-grid\">\n<figure class=\"wp-block-image size-large wp-container-content-e29552f7\"><img loading=\"lazy\" decoding=\"async\" width=\"700\" height=\"698\" src=\"https:\/\/zafusetfutons.com\/wp-content\/uploads\/2024\/03\/ecru-700x698.jpg\" alt=\"\" class=\"wp-image-1528\" srcset=\"https:\/\/zafusetfutons.com\/wp-content\/uploads\/2024\/03\/ecru-700x698.jpg 700w, https:\/\/zafusetfutons.com\/wp-content\/uploads\/2024\/03\/ecru-300x300.jpg 300w, https:\/\/zafusetfutons.com\/wp-content\/uploads\/2024\/03\/ecru-150x150.jpg 150w, https:\/\/zafusetfutons.com\/wp-content\/uploads\/2024\/03\/ecru-768x765.jpg 768w, https:\/\/zafusetfutons.com\/wp-content\/uploads\/2024\/03\/ecru-301x300.jpg 301w, https:\/\/zafusetfutons.com\/wp-content\/uploads\/2024\/03\/ecru.jpg 1203w\" sizes=\"auto, (max-width: 700px) 100vw, 700px\" \/><\/figure>\n\n\n\n<figure class=\"wp-block-image size-large wp-container-content-e29552f7\"><img loading=\"lazy\" decoding=\"async\" width=\"700\" height=\"700\" src=\"https:\/\/zafusetfutons.com\/wp-content\/uploads\/2024\/03\/indigo-700x700.jpg\" alt=\"\" class=\"wp-image-1529\" srcset=\"https:\/\/zafusetfutons.com\/wp-content\/uploads\/2024\/03\/indigo-700x700.jpg 700w, https:\/\/zafusetfutons.com\/wp-content\/uploads\/2024\/03\/indigo-300x300.jpg 300w, https:\/\/zafusetfutons.com\/wp-content\/uploads\/2024\/03\/indigo-150x150.jpg 150w, https:\/\/zafusetfutons.com\/wp-content\/uploads\/2024\/03\/indigo-768x768.jpg 768w, https:\/\/zafusetfutons.com\/wp-content\/uploads\/2024\/03\/indigo.jpg 1206w\" sizes=\"auto, (max-width: 700px) 100vw, 700px\" \/><\/figure>\n\n\n\n<div class=\"wp-block-media-text is-stacked-on-mobile wp-container-content-72558541\"><figure class=\"wp-block-media-text__media\"><img loading=\"lazy\" decoding=\"async\" width=\"700\" height=\"699\" src=\"https:\/\/zafusetfutons.com\/wp-content\/uploads\/2024\/03\/rubis-700x699.jpg\" alt=\"\" class=\"wp-image-1534 size-full\" srcset=\"https:\/\/zafusetfutons.com\/wp-content\/uploads\/2024\/03\/rubis-700x699.jpg 700w, https:\/\/zafusetfutons.com\/wp-content\/uploads\/2024\/03\/rubis-300x300.jpg 300w, https:\/\/zafusetfutons.com\/wp-content\/uploads\/2024\/03\/rubis-150x150.jpg 150w, https:\/\/zafusetfutons.com\/wp-content\/uploads\/2024\/03\/rubis-768x767.jpg 768w, https:\/\/zafusetfutons.com\/wp-content\/uploads\/2024\/03\/rubis.jpg 1221w\" sizes=\"auto, (max-width: 700px) 100vw, 700px\" \/><\/figure><div class=\"wp-block-media-text__content\">\n<p><strong>La couleur rubis est actuellement disponible uniquement pour les <a href=\"https:\/\/zafusetfutons.com\/index.php\/page-d-exemple\/\" data-type=\"page\" data-id=\"2\">zafus,<\/a> <a href=\"https:\/\/zafusetfutons.com\/index.php\/zafuton\/\" data-type=\"page\" data-id=\"237\">zafutons et zabuton<\/a>.<\/strong><\/p>\n<\/div><\/div>\n<\/div>\n<\/div><\/div>\n<\/div>\n<\/div>\n\n\n\n<div class=\"wp-block-media-text is-stacked-on-mobile\" style=\"grid-template-columns:44% auto\"><figure class=\"wp-block-media-text__media\"><img loading=\"lazy\" decoding=\"async\" width=\"700\" height=\"702\" src=\"https:\/\/zafusetfutons.com\/wp-content\/uploads\/2024\/03\/noir-700x702.jpg\" alt=\"\" class=\"wp-image-1533 size-full\" srcset=\"https:\/\/zafusetfutons.com\/wp-content\/uploads\/2024\/03\/noir-700x702.jpg 700w, https:\/\/zafusetfutons.com\/wp-content\/uploads\/2024\/03\/noir-300x300.jpg 300w, https:\/\/zafusetfutons.com\/wp-content\/uploads\/2024\/03\/noir-150x150.jpg 150w, https:\/\/zafusetfutons.com\/wp-content\/uploads\/2024\/03\/noir-768x770.jpg 768w, https:\/\/zafusetfutons.com\/wp-content\/uploads\/2024\/03\/noir-299x300.jpg 299w, https:\/\/zafusetfutons.com\/wp-content\/uploads\/2024\/03\/noir.jpg 1209w\" sizes=\"auto, (max-width: 700px) 100vw, 700px\" \/><\/figure><div class=\"wp-block-media-text__content\">\n<p>Deux qualit\u00e9s de coton de couleur noire <strong>issus de l&rsquo;agriculture biologique<\/strong>, <strong>certifi\u00e9e GOTS.<\/strong> : <\/p>\n\n\n\n<p>&#8211;<strong>toile de coton <\/strong>pour la confection des <a href=\"https:\/\/zafusetfutons.com\/index.php\/zafus-et-futons\/\" data-type=\"page\" data-id=\"11\">futons<\/a> et<a href=\"https:\/\/zafusetfutons.com\/index.php\/zafuton\/\" data-type=\"page\" data-id=\"237\"> zafutons<\/a><\/p>\n\n\n\n<p>&#8211; <strong>serg\u00e9 \u00e9pais<\/strong> pour la confection des <a href=\"https:\/\/zafusetfutons.com\/index.php\/page-d-exemple\/\" data-type=\"page\" data-id=\"2\">zafus<\/a> de m\u00e9ditration zen.<\/p>\n<\/div><\/div>\n\n\n\n<p><\/p>\n","protected":false},"excerpt":{"rendered":"<p>Tissus en toile de coton issu de l&rsquo;agriculture biologique, certifi\u00e9e GOTS. La couleur rubis est actuellement disponible uniquement pour les zafus, zafutons et zabuton. Deux qualit\u00e9s de coton de couleur noire issus de l&rsquo;agriculture biologique, certifi\u00e9e GOTS. : &#8211;toile de coton pour la confection des futons et zafutons &#8211; serg\u00e9 \u00e9pais pour la confection des&#8230; <\/p>\n<div class=\"link-more\"><a href=\"https:\/\/zafusetfutons.com\/index.php\/nuancier\/\">En savoir plus<\/a><\/div>\n","protected":false},"author":1,"featured_media":559,"parent":0,"menu_order":0,"comment_status":"closed","ping_status":"closed","template":"","meta":{"footnotes":""},"class_list":["post-582","page","type-page","status-publish","has-post-thumbnail","hentry"],"_links":{"self":[{"href":"https:\/\/zafusetfutons.com\/index.php\/wp-json\/wp\/v2\/pages\/582","targetHints":{"allow":["GET"]}}],"collection":[{"href":"https:\/\/zafusetfutons.com\/index.php\/wp-json\/wp\/v2\/pages"}],"about":[{"href":"https:\/\/zafusetfutons.com\/index.php\/wp-json\/wp\/v2\/types\/page"}],"author":[{"embeddable":true,"href":"https:\/\/zafusetfutons.com\/index.php\/wp-json\/wp\/v2\/users\/1"}],"replies":[{"embeddable":true,"href":"https:\/\/zafusetfutons.com\/index.php\/wp-json\/wp\/v2\/comments?post=582"}],"version-history":[{"count":39,"href":"https:\/\/zafusetfutons.com\/index.php\/wp-json\/wp\/v2\/pages\/582\/revisions"}],"predecessor-version":[{"id":9452,"href":"https:\/\/zafusetfutons.com\/index.php\/wp-json\/wp\/v2\/pages\/582\/revisions\/9452"}],"wp:featuredmedia":[{"embeddable":true,"href":"https:\/\/zafusetfutons.com\/index.php\/wp-json\/wp\/v2\/media\/559"}],"wp:attachment":[{"href":"https:\/\/zafusetfutons.com\/index.php\/wp-json\/wp\/v2\/media?parent=582"}],"curies":[{"name":"wp","href":"https:\/\/api.w.org\/{rel}","templated":true}]}}