{"id":686,"date":"2022-02-11T10:10:15","date_gmt":"2022-02-11T09:10:15","guid":{"rendered":"http:\/\/zafusetfutons.com\/?page_id=686"},"modified":"2025-10-28T15:17:45","modified_gmt":"2025-10-28T14:17:45","slug":"tarifs-expedition","status":"publish","type":"page","link":"https:\/\/zafusetfutons.com\/index.php\/tarifs-expedition\/","title":{"rendered":"tarifs d&rsquo;exp\u00e9dition"},"content":{"rendered":"\n<p>Par d\u00e9faut, l&rsquo;exp\u00e9dition de nos articles se fait par <strong>la poste<\/strong>, sauf pour les colis tr\u00e8s volumineux. Les tarifs de la poste d\u00e9pendent du poids et sont <strong>identiques pour toute la France m\u00e9tropolitaine<\/strong>. Pour l&rsquo;exp\u00e9dition de <strong>plusieurs articles<\/strong> en m\u00eame temps, le tarifs sera \u00e9tabli suivant le poids du colis. Pour les envois <strong>hors France m\u00e9tropolitaine<\/strong>, le tarif sera adapt\u00e9 en fonction de la destination. Il est possible, sur demande, d&rsquo;exp\u00e9dier les colis via <strong>shop2shop<\/strong>,  et de r\u00e9\u00e9valuer le tarif d&rsquo;exp\u00e9dition.<\/p>\n\n\n\n<p>Pour<strong> tous les autres colis, volumineux,<\/strong> les livraisons sont assur\u00e9es par <strong>transporteur<\/strong> et leur co\u00fbt fix\u00e9 au poids et au km. Les augmentations et fluctuations actuelles du co\u00fbts des transports ne nous permettent pas d&rsquo;\u00e9tablir une grille de tarifs&#8230;<\/p>\n\n\n\n<h6 class=\"wp-block-heading\">tarifs d&rsquo;exp\u00e9dition (port) au 01\/01\/2025 :<\/h6>\n\n\n\n<ul class=\"wp-block-list\">\n<li>zafu :10\u20ac<\/li>\n\n\n\n<li>zafuton : 10\u20ac<\/li>\n\n\n\n<li>sac \u00e0 zafu : 8\u20ac<\/li>\n\n\n\n<li>futon du quotidien&nbsp; : sur demande ! tarifs transporteur variables suivant le nombre de km&#8230;!<\/li>\n\n\n\n<li>futon d&rsquo;appoint :&nbsp; sur demande ! tarifs transporteurs variables suivant le nombre de km&#8230;!<\/li>\n\n\n\n<li>futon nomade : 25\u20ac<\/li>\n\n\n\n<li>futon tapis de sol : 15\u20ac<\/li>\n\n\n\n<li>futon b\u00e9b\u00e9 : 20\u20ac<\/li>\n\n\n\n<li>couette b\u00e9b\u00e9 : 8\u20ac<\/li>\n\n\n\n<li>couette une place : 12\u20ac<\/li>\n\n\n\n<li>couette deux places 18\u20ac<\/li>\n<\/ul>\n","protected":false},"excerpt":{"rendered":"<p>Par d\u00e9faut, l&rsquo;exp\u00e9dition de nos articles se fait par la poste, sauf pour les colis tr\u00e8s volumineux. Les tarifs de la poste d\u00e9pendent du poids et sont identiques pour toute la France m\u00e9tropolitaine. Pour l&rsquo;exp\u00e9dition de plusieurs articles en m\u00eame temps, le tarifs sera \u00e9tabli suivant le poids du colis. Pour les envois hors France&#8230; <\/p>\n<div class=\"link-more\"><a href=\"https:\/\/zafusetfutons.com\/index.php\/tarifs-expedition\/\">En savoir plus<\/a><\/div>\n","protected":false},"author":1,"featured_media":705,"parent":0,"menu_order":0,"comment_status":"closed","ping_status":"closed","template":"","meta":{"footnotes":""},"class_list":["post-686","page","type-page","status-publish","has-post-thumbnail","hentry"],"_links":{"self":[{"href":"https:\/\/zafusetfutons.com\/index.php\/wp-json\/wp\/v2\/pages\/686","targetHints":{"allow":["GET"]}}],"collection":[{"href":"https:\/\/zafusetfutons.com\/index.php\/wp-json\/wp\/v2\/pages"}],"about":[{"href":"https:\/\/zafusetfutons.com\/index.php\/wp-json\/wp\/v2\/types\/page"}],"author":[{"embeddable":true,"href":"https:\/\/zafusetfutons.com\/index.php\/wp-json\/wp\/v2\/users\/1"}],"replies":[{"embeddable":true,"href":"https:\/\/zafusetfutons.com\/index.php\/wp-json\/wp\/v2\/comments?post=686"}],"version-history":[{"count":20,"href":"https:\/\/zafusetfutons.com\/index.php\/wp-json\/wp\/v2\/pages\/686\/revisions"}],"predecessor-version":[{"id":13381,"href":"https:\/\/zafusetfutons.com\/index.php\/wp-json\/wp\/v2\/pages\/686\/revisions\/13381"}],"wp:featuredmedia":[{"embeddable":true,"href":"https:\/\/zafusetfutons.com\/index.php\/wp-json\/wp\/v2\/media\/705"}],"wp:attachment":[{"href":"https:\/\/zafusetfutons.com\/index.php\/wp-json\/wp\/v2\/media?parent=686"}],"curies":[{"name":"wp","href":"https:\/\/api.w.org\/{rel}","templated":true}]}}