{"id":69,"date":"2023-06-02T12:12:40","date_gmt":"2023-06-02T10:12:40","guid":{"rendered":"http:\/\/zafusetfutons.com\/?page_id=69"},"modified":"2025-12-01T08:44:26","modified_gmt":"2025-12-01T07:44:26","slug":"coussins-dameublement-et-sur-mesure","status":"publish","type":"page","link":"https:\/\/zafusetfutons.com\/index.php\/coussins-dameublement-et-sur-mesure\/","title":{"rendered":"coussins d&rsquo;ameublement et sur mesure"},"content":{"rendered":"\n<figure class=\"wp-block-image size-large\"><img loading=\"lazy\" decoding=\"async\" width=\"700\" height=\"614\" src=\"https:\/\/zafusetfutons.com\/wp-content\/uploads\/2025\/12\/petite-pile-700x614.jpg\" alt=\"\" class=\"wp-image-13842\" srcset=\"https:\/\/zafusetfutons.com\/wp-content\/uploads\/2025\/12\/petite-pile-700x614.jpg 700w, https:\/\/zafusetfutons.com\/wp-content\/uploads\/2025\/12\/petite-pile-300x263.jpg 300w, https:\/\/zafusetfutons.com\/wp-content\/uploads\/2025\/12\/petite-pile-768x673.jpg 768w, https:\/\/zafusetfutons.com\/wp-content\/uploads\/2025\/12\/petite-pile-1536x1347.jpg 1536w, https:\/\/zafusetfutons.com\/wp-content\/uploads\/2025\/12\/petite-pile-2048x1796.jpg 2048w, https:\/\/zafusetfutons.com\/wp-content\/uploads\/2025\/12\/petite-pile-342x300.jpg 342w\" sizes=\"auto, (max-width: 700px) 100vw, 700px\" \/><\/figure>\n\n\n\n<p><\/p>\n\n\n\n<p>Je propose une gamme de coussins d\u2019ameublement, confortables et d\u00e9coratifs : <strong>carr\u00e9s de chaises, coussins pour canap\u00e9s, coussins de sol et <a rel=\"noopener\" href=\"https:\/\/zafusetfutons.com\/index.php\/zafuton-2\/\" target=\"_blank\">zabutons<\/a><\/strong> ; et r\u00e9alise la confection de coussins<strong> sur mesure<\/strong> pour l&rsquo;am\u00e9nagement de votre int\u00e9rieur, <strong>banquettes, habitats l\u00e9gers, camping-car et v\u00e9hicules am\u00e9nag\u00e9s&#8230;<\/strong><\/p>\n\n\n\n<p>De tailles et hauteurs vari\u00e9es, rembourr\u00e9s de <strong><a href=\"https:\/\/zafusetfutons.com\/index.php\/2023\/02\/07\/laine\/\" target=\"_blank\" rel=\"noopener\">nappes de laine aiguillet\u00e9e<\/a><\/strong> \u00ab\u00a0fa\u00e7on futon\u00a0\u00bb, cousus dans des tissus de <strong><a href=\"https:\/\/zafusetfutons.com\/index.php\/2023\/02\/07\/tissus-bio\/\" target=\"_blank\" rel=\"noopener\">coton uni issu de l&rsquo;agriculture biologique<\/a><\/strong>, ou dans divers tissus \u00e0 motifs imprim\u00e9s ou tiss\u00e9s.<\/p>\n\n\n\n<p>G\u00e9n\u00e9ralement non d\u00e9houssables, une housse suppl\u00e9mentaire peut \u00eatre cependant r\u00e9alis\u00e9e sur commande.<\/p>\n\n\n\n<p><strong>Dimensions et prix : <\/strong><\/p>\n\n\n\n<div class=\"wp-block-group is-nowrap is-layout-flex wp-container-core-group-is-layout-ad2f72ca wp-block-group-is-layout-flex\">\n<ul class=\"wp-block-list\">\n<li>Carr\u00e9s de chaise 40&#215;40 : 25\u20ac l&rsquo;unit\u00e9. <\/li>\n\n\n\n<li>Zabuton unis,50&#215;50 : 50\u20ac <\/li>\n\n\n\n<li>Zabuton \u00e0 motifs, 50&#215;50 : 55\u20ac<\/li>\n\n\n\n<li>coussin d&rsquo;ameublement : dimensions et prix divers ou sur devis.<\/li>\n\n\n\n<li>port : suivant les tarifs en vigueur de la poste ou mondial relay.<\/li>\n<\/ul>\n<\/div>\n\n\n\n<p><\/p>\n\n\n\n<figure class=\"wp-block-image size-large\"><img loading=\"lazy\" decoding=\"async\" width=\"700\" height=\"722\" src=\"https:\/\/zafusetfutons.com\/wp-content\/uploads\/2025\/12\/les-bleus-700x722.jpg\" alt=\"\" class=\"wp-image-13844\" srcset=\"https:\/\/zafusetfutons.com\/wp-content\/uploads\/2025\/12\/les-bleus-700x722.jpg 700w, https:\/\/zafusetfutons.com\/wp-content\/uploads\/2025\/12\/les-bleus-291x300.jpg 291w, https:\/\/zafusetfutons.com\/wp-content\/uploads\/2025\/12\/les-bleus-768x792.jpg 768w, https:\/\/zafusetfutons.com\/wp-content\/uploads\/2025\/12\/les-bleus-1490x1536.jpg 1490w, https:\/\/zafusetfutons.com\/wp-content\/uploads\/2025\/12\/les-bleus-1987x2048.jpg 1987w\" sizes=\"auto, (max-width: 700px) 100vw, 700px\" \/><\/figure>\n\n\n\n<figure class=\"wp-block-gallery has-nested-images columns-default is-cropped wp-block-gallery-1 is-layout-flex wp-block-gallery-is-layout-flex\">\n<figure class=\"wp-block-image size-large\"><img loading=\"lazy\" decoding=\"async\" width=\"700\" height=\"710\" data-id=\"13845\" src=\"https:\/\/zafusetfutons.com\/wp-content\/uploads\/2025\/12\/le-vert-clair-700x710.jpg\" alt=\"\" class=\"wp-image-13845\" srcset=\"https:\/\/zafusetfutons.com\/wp-content\/uploads\/2025\/12\/le-vert-clair-700x710.jpg 700w, https:\/\/zafusetfutons.com\/wp-content\/uploads\/2025\/12\/le-vert-clair-296x300.jpg 296w, https:\/\/zafusetfutons.com\/wp-content\/uploads\/2025\/12\/le-vert-clair-768x779.jpg 768w, https:\/\/zafusetfutons.com\/wp-content\/uploads\/2025\/12\/le-vert-clair-1514x1536.jpg 1514w, https:\/\/zafusetfutons.com\/wp-content\/uploads\/2025\/12\/le-vert-clair-2019x2048.jpg 2019w\" sizes=\"auto, (max-width: 700px) 100vw, 700px\" \/><\/figure>\n\n\n\n<figure class=\"wp-block-image size-large\"><img loading=\"lazy\" decoding=\"async\" width=\"700\" height=\"616\" data-id=\"13846\" src=\"https:\/\/zafusetfutons.com\/wp-content\/uploads\/2025\/12\/le-vert-sapin-700x616.jpg\" alt=\"\" class=\"wp-image-13846\" srcset=\"https:\/\/zafusetfutons.com\/wp-content\/uploads\/2025\/12\/le-vert-sapin-700x616.jpg 700w, https:\/\/zafusetfutons.com\/wp-content\/uploads\/2025\/12\/le-vert-sapin-300x264.jpg 300w, https:\/\/zafusetfutons.com\/wp-content\/uploads\/2025\/12\/le-vert-sapin-768x676.jpg 768w, https:\/\/zafusetfutons.com\/wp-content\/uploads\/2025\/12\/le-vert-sapin-1536x1353.jpg 1536w, https:\/\/zafusetfutons.com\/wp-content\/uploads\/2025\/12\/le-vert-sapin-2048x1803.jpg 2048w, https:\/\/zafusetfutons.com\/wp-content\/uploads\/2025\/12\/le-vert-sapin-341x300.jpg 341w\" sizes=\"auto, (max-width: 700px) 100vw, 700px\" \/><\/figure>\n\n\n\n<figure class=\"wp-block-image size-large\"><img loading=\"lazy\" decoding=\"async\" width=\"700\" height=\"637\" data-id=\"13847\" src=\"https:\/\/zafusetfutons.com\/wp-content\/uploads\/2025\/12\/les-rouges-700x637.jpg\" alt=\"\" class=\"wp-image-13847\" srcset=\"https:\/\/zafusetfutons.com\/wp-content\/uploads\/2025\/12\/les-rouges-700x637.jpg 700w, https:\/\/zafusetfutons.com\/wp-content\/uploads\/2025\/12\/les-rouges-300x273.jpg 300w, https:\/\/zafusetfutons.com\/wp-content\/uploads\/2025\/12\/les-rouges-768x699.jpg 768w, https:\/\/zafusetfutons.com\/wp-content\/uploads\/2025\/12\/les-rouges-1536x1398.jpg 1536w, https:\/\/zafusetfutons.com\/wp-content\/uploads\/2025\/12\/les-rouges-2048x1864.jpg 2048w, https:\/\/zafusetfutons.com\/wp-content\/uploads\/2025\/12\/les-rouges-330x300.jpg 330w\" sizes=\"auto, (max-width: 700px) 100vw, 700px\" \/><\/figure>\n\n\n\n<figure class=\"wp-block-image size-large\"><img loading=\"lazy\" decoding=\"async\" width=\"700\" height=\"671\" data-id=\"13850\" src=\"https:\/\/zafusetfutons.com\/wp-content\/uploads\/2025\/12\/crres-bleus-700x671.jpg\" alt=\"\" class=\"wp-image-13850\" srcset=\"https:\/\/zafusetfutons.com\/wp-content\/uploads\/2025\/12\/crres-bleus-700x671.jpg 700w, https:\/\/zafusetfutons.com\/wp-content\/uploads\/2025\/12\/crres-bleus-300x287.jpg 300w, https:\/\/zafusetfutons.com\/wp-content\/uploads\/2025\/12\/crres-bleus-768x736.jpg 768w, https:\/\/zafusetfutons.com\/wp-content\/uploads\/2025\/12\/crres-bleus-1536x1472.jpg 1536w, https:\/\/zafusetfutons.com\/wp-content\/uploads\/2025\/12\/crres-bleus-2048x1962.jpg 2048w, https:\/\/zafusetfutons.com\/wp-content\/uploads\/2025\/12\/crres-bleus-313x300.jpg 313w\" sizes=\"auto, (max-width: 700px) 100vw, 700px\" \/><\/figure>\n<\/figure>\n\n\n\n<figure class=\"wp-block-image size-large\"><img loading=\"lazy\" decoding=\"async\" width=\"700\" height=\"540\" src=\"https:\/\/zafusetfutons.com\/wp-content\/uploads\/2023\/06\/retro-1-700x540.jpg\" alt=\"\" class=\"wp-image-1345\" srcset=\"https:\/\/zafusetfutons.com\/wp-content\/uploads\/2023\/06\/retro-1-700x540.jpg 700w, https:\/\/zafusetfutons.com\/wp-content\/uploads\/2023\/06\/retro-1-300x232.jpg 300w, https:\/\/zafusetfutons.com\/wp-content\/uploads\/2023\/06\/retro-1-768x593.jpg 768w, https:\/\/zafusetfutons.com\/wp-content\/uploads\/2023\/06\/retro-1-1536x1186.jpg 1536w, https:\/\/zafusetfutons.com\/wp-content\/uploads\/2023\/06\/retro-1-2048x1581.jpg 2048w, https:\/\/zafusetfutons.com\/wp-content\/uploads\/2023\/06\/retro-1-389x300.jpg 389w\" sizes=\"auto, (max-width: 700px) 100vw, 700px\" \/><\/figure>\n","protected":false},"excerpt":{"rendered":"<p>Je propose une gamme de coussins d\u2019ameublement, confortables et d\u00e9coratifs : carr\u00e9s de chaises, coussins pour canap\u00e9s, coussins de sol et zabutons ; et r\u00e9alise la confection de coussins sur mesure pour l&rsquo;am\u00e9nagement de votre int\u00e9rieur, banquettes, habitats l\u00e9gers, camping-car et v\u00e9hicules am\u00e9nag\u00e9s&#8230; De tailles et hauteurs vari\u00e9es, rembourr\u00e9s de nappes de laine aiguillet\u00e9e \u00ab\u00a0fa\u00e7on&#8230; <\/p>\n<div class=\"link-more\"><a href=\"https:\/\/zafusetfutons.com\/index.php\/coussins-dameublement-et-sur-mesure\/\">En savoir plus<\/a><\/div>\n","protected":false},"author":1,"featured_media":13839,"parent":0,"menu_order":0,"comment_status":"closed","ping_status":"closed","template":"","meta":{"footnotes":""},"class_list":["post-69","page","type-page","status-publish","has-post-thumbnail","hentry"],"_links":{"self":[{"href":"https:\/\/zafusetfutons.com\/index.php\/wp-json\/wp\/v2\/pages\/69","targetHints":{"allow":["GET"]}}],"collection":[{"href":"https:\/\/zafusetfutons.com\/index.php\/wp-json\/wp\/v2\/pages"}],"about":[{"href":"https:\/\/zafusetfutons.com\/index.php\/wp-json\/wp\/v2\/types\/page"}],"author":[{"embeddable":true,"href":"https:\/\/zafusetfutons.com\/index.php\/wp-json\/wp\/v2\/users\/1"}],"replies":[{"embeddable":true,"href":"https:\/\/zafusetfutons.com\/index.php\/wp-json\/wp\/v2\/comments?post=69"}],"version-history":[{"count":21,"href":"https:\/\/zafusetfutons.com\/index.php\/wp-json\/wp\/v2\/pages\/69\/revisions"}],"predecessor-version":[{"id":13851,"href":"https:\/\/zafusetfutons.com\/index.php\/wp-json\/wp\/v2\/pages\/69\/revisions\/13851"}],"wp:featuredmedia":[{"embeddable":true,"href":"https:\/\/zafusetfutons.com\/index.php\/wp-json\/wp\/v2\/media\/13839"}],"wp:attachment":[{"href":"https:\/\/zafusetfutons.com\/index.php\/wp-json\/wp\/v2\/media?parent=69"}],"curies":[{"name":"wp","href":"https:\/\/api.w.org\/{rel}","templated":true}]}}