{"id":76,"date":"2022-02-15T15:41:13","date_gmt":"2022-02-15T14:41:13","guid":{"rendered":"http:\/\/zafusetfutons.com\/?page_id=76"},"modified":"2025-12-07T19:30:10","modified_gmt":"2025-12-07T18:30:10","slug":"zafus-a-motifs","status":"publish","type":"page","link":"https:\/\/zafusetfutons.com\/index.php\/zafus-a-motifs\/","title":{"rendered":"zafus \u00e0 motifs"},"content":{"rendered":"\n<p>L&rsquo;enveloppe du <a href=\"https:\/\/zafusetfutons.com\/index.php\/acceuil\/\" target=\"_blank\" rel=\"noopener\"><strong>zafu<\/strong><\/a> est ici r\u00e9alis\u00e9e avec un tissu \u00e0 motifs. Ces tissus de qualit\u00e9 sont choisis avec soin, doubl\u00e9s si n\u00e9cessaire, neufs ou parfois d&rsquo;anciens tissus chin\u00e9s ici ou l\u00e0&#8230; Il est possible de r\u00e9aliser un <a href=\"https:\/\/zafusetfutons.com\/index.php\/acceuil\/\" target=\"_blank\" rel=\"noopener\"><strong>zafu<\/strong><\/a> \u00e0 motifs avec votre propre tissu : aussi bien un tissu achet\u00e9 neuf ou pour <em>transformer un tissu que vous ch\u00e9rissez en un coussin original et inspirant&#8230;<\/em><\/p>\n\n\n\n<p><strong>Dimensions<\/strong> : 1kg de <a href=\"https:\/\/zafusetfutons.com\/index.php\/2023\/02\/07\/le-kapok\/\" target=\"_blank\" rel=\"noopener\"><strong>kapok<\/strong><\/a> ou de <a href=\"https:\/\/zafusetfutons.com\/index.php\/2023\/02\/07\/laine\/\" target=\"_blank\" rel=\"noopener\"><strong>flocons de laine<\/strong><\/a> dans une enveloppe de 15cm de c\u00f4t\u00e9 par 30cm de diam\u00e8tre, \u00e9quivalant \u00e0 un <a href=\"https:\/\/zafusetfutons.com\/index.php\/acceuil\/\" target=\"_blank\" rel=\"noopener\"><strong>zafu<\/strong><\/a> de <strong>hauteur 20cm et diam\u00e8tre 35cm<\/strong>. Enveloppe en coton d&rsquo;origines diverses, doubl\u00e9e sur le dessus et le dessous si n\u00e9cessaire, avec ouverture lat\u00e9rale, ainsi qu\u2019une poign\u00e9e en tissu uni ou \u00e0 motifs coordonn\u00e9s.<\/p>\n\n\n\n<h6 class=\"wp-block-heading\"><strong>Prix : de 60\u20ac \u00e0 70\u20ac, port : 8\u20ac.<\/strong><\/h6>\n\n\n\n<p>Port d\u00e9gressif en fonction de la quantit\u00e9 de zafus exp\u00e9di\u00e9s.<\/p>\n\n\n\n<div class=\"wp-block-columns is-layout-flex wp-container-core-columns-is-layout-9d6595d7 wp-block-columns-is-layout-flex\">\n<div class=\"wp-block-column is-layout-flow wp-block-column-is-layout-flow\" style=\"flex-basis:100%\">\n<figure class=\"wp-block-gallery has-nested-images columns-default is-cropped wp-block-gallery-1 is-layout-flex wp-block-gallery-is-layout-flex\">\n<figure class=\"wp-block-image size-large\"><img loading=\"lazy\" decoding=\"async\" width=\"700\" height=\"549\" data-id=\"6864\" src=\"https:\/\/zafusetfutons.com\/wp-content\/uploads\/2024\/12\/zafu-bleu-de-chine-700x549.jpg\" alt=\"\" class=\"wp-image-6864\" srcset=\"https:\/\/zafusetfutons.com\/wp-content\/uploads\/2024\/12\/zafu-bleu-de-chine-700x549.jpg 700w, https:\/\/zafusetfutons.com\/wp-content\/uploads\/2024\/12\/zafu-bleu-de-chine-300x235.jpg 300w, https:\/\/zafusetfutons.com\/wp-content\/uploads\/2024\/12\/zafu-bleu-de-chine-768x602.jpg 768w, https:\/\/zafusetfutons.com\/wp-content\/uploads\/2024\/12\/zafu-bleu-de-chine-1536x1204.jpg 1536w, https:\/\/zafusetfutons.com\/wp-content\/uploads\/2024\/12\/zafu-bleu-de-chine-2048x1606.jpg 2048w, https:\/\/zafusetfutons.com\/wp-content\/uploads\/2024\/12\/zafu-bleu-de-chine-383x300.jpg 383w\" sizes=\"auto, (max-width: 700px) 100vw, 700px\" \/><\/figure>\n\n\n\n<figure class=\"wp-block-image size-large\"><img loading=\"lazy\" decoding=\"async\" width=\"700\" height=\"465\" data-id=\"6865\" src=\"https:\/\/zafusetfutons.com\/wp-content\/uploads\/2024\/12\/DSC_0552-700x465.jpg\" alt=\"\" class=\"wp-image-6865\" srcset=\"https:\/\/zafusetfutons.com\/wp-content\/uploads\/2024\/12\/DSC_0552-700x465.jpg 700w, https:\/\/zafusetfutons.com\/wp-content\/uploads\/2024\/12\/DSC_0552-300x199.jpg 300w, https:\/\/zafusetfutons.com\/wp-content\/uploads\/2024\/12\/DSC_0552-768x510.jpg 768w, https:\/\/zafusetfutons.com\/wp-content\/uploads\/2024\/12\/DSC_0552-1536x1020.jpg 1536w, https:\/\/zafusetfutons.com\/wp-content\/uploads\/2024\/12\/DSC_0552-2048x1360.jpg 2048w, https:\/\/zafusetfutons.com\/wp-content\/uploads\/2024\/12\/DSC_0552-452x300.jpg 452w\" sizes=\"auto, (max-width: 700px) 100vw, 700px\" \/><\/figure>\n<\/figure>\n<\/div>\n<\/div>\n\n\n\n<figure class=\"wp-block-gallery has-nested-images columns-default is-cropped wp-block-gallery-2 is-layout-flex wp-block-gallery-is-layout-flex\">\n<figure class=\"wp-block-image size-large\"><img loading=\"lazy\" decoding=\"async\" width=\"700\" height=\"698\" data-id=\"13398\" src=\"https:\/\/zafusetfutons.com\/wp-content\/uploads\/2025\/10\/vert-700x698.jpg\" alt=\"\" class=\"wp-image-13398\" srcset=\"https:\/\/zafusetfutons.com\/wp-content\/uploads\/2025\/10\/vert-700x698.jpg 700w, https:\/\/zafusetfutons.com\/wp-content\/uploads\/2025\/10\/vert-300x300.jpg 300w, https:\/\/zafusetfutons.com\/wp-content\/uploads\/2025\/10\/vert-150x150.jpg 150w, https:\/\/zafusetfutons.com\/wp-content\/uploads\/2025\/10\/vert-768x766.jpg 768w, https:\/\/zafusetfutons.com\/wp-content\/uploads\/2025\/10\/vert-1536x1531.jpg 1536w, https:\/\/zafusetfutons.com\/wp-content\/uploads\/2025\/10\/vert-2048x2042.jpg 2048w, https:\/\/zafusetfutons.com\/wp-content\/uploads\/2025\/10\/vert-301x300.jpg 301w\" sizes=\"auto, (max-width: 700px) 100vw, 700px\" \/><\/figure>\n\n\n\n<figure class=\"wp-block-image size-large\"><img loading=\"lazy\" decoding=\"async\" width=\"700\" height=\"586\" data-id=\"13871\" src=\"https:\/\/zafusetfutons.com\/wp-content\/uploads\/2025\/12\/poignee-bleue-n2-700x586.jpg\" alt=\"\" class=\"wp-image-13871\" srcset=\"https:\/\/zafusetfutons.com\/wp-content\/uploads\/2025\/12\/poignee-bleue-n2-700x586.jpg 700w, https:\/\/zafusetfutons.com\/wp-content\/uploads\/2025\/12\/poignee-bleue-n2-300x251.jpg 300w, https:\/\/zafusetfutons.com\/wp-content\/uploads\/2025\/12\/poignee-bleue-n2-768x643.jpg 768w, https:\/\/zafusetfutons.com\/wp-content\/uploads\/2025\/12\/poignee-bleue-n2-1536x1286.jpg 1536w, https:\/\/zafusetfutons.com\/wp-content\/uploads\/2025\/12\/poignee-bleue-n2-2048x1715.jpg 2048w, https:\/\/zafusetfutons.com\/wp-content\/uploads\/2025\/12\/poignee-bleue-n2-358x300.jpg 358w\" sizes=\"auto, (max-width: 700px) 100vw, 700px\" \/><\/figure>\n<\/figure>\n\n\n\n<figure class=\"wp-block-gallery has-nested-images columns-default is-cropped wp-block-gallery-3 is-layout-flex wp-block-gallery-is-layout-flex\">\n<figure class=\"wp-block-image size-large\"><img loading=\"lazy\" decoding=\"async\" width=\"700\" height=\"541\" data-id=\"13964\" src=\"https:\/\/zafusetfutons.com\/wp-content\/uploads\/2025\/12\/zafu-ginko-cote-1-700x541.jpg\" alt=\"\" class=\"wp-image-13964\" srcset=\"https:\/\/zafusetfutons.com\/wp-content\/uploads\/2025\/12\/zafu-ginko-cote-1-700x541.jpg 700w, https:\/\/zafusetfutons.com\/wp-content\/uploads\/2025\/12\/zafu-ginko-cote-1-300x232.jpg 300w, https:\/\/zafusetfutons.com\/wp-content\/uploads\/2025\/12\/zafu-ginko-cote-1-768x594.jpg 768w, https:\/\/zafusetfutons.com\/wp-content\/uploads\/2025\/12\/zafu-ginko-cote-1-1536x1188.jpg 1536w, https:\/\/zafusetfutons.com\/wp-content\/uploads\/2025\/12\/zafu-ginko-cote-1-2048x1584.jpg 2048w, https:\/\/zafusetfutons.com\/wp-content\/uploads\/2025\/12\/zafu-ginko-cote-1-388x300.jpg 388w\" sizes=\"auto, (max-width: 700px) 100vw, 700px\" \/><\/figure>\n\n\n\n<figure class=\"wp-block-image size-large\"><img loading=\"lazy\" decoding=\"async\" width=\"700\" height=\"675\" data-id=\"13963\" src=\"https:\/\/zafusetfutons.com\/wp-content\/uploads\/2025\/12\/zafu-ginko-dessus-700x675.jpg\" alt=\"\" class=\"wp-image-13963\" srcset=\"https:\/\/zafusetfutons.com\/wp-content\/uploads\/2025\/12\/zafu-ginko-dessus-700x675.jpg 700w, https:\/\/zafusetfutons.com\/wp-content\/uploads\/2025\/12\/zafu-ginko-dessus-300x289.jpg 300w, https:\/\/zafusetfutons.com\/wp-content\/uploads\/2025\/12\/zafu-ginko-dessus-768x741.jpg 768w, https:\/\/zafusetfutons.com\/wp-content\/uploads\/2025\/12\/zafu-ginko-dessus-1536x1481.jpg 1536w, https:\/\/zafusetfutons.com\/wp-content\/uploads\/2025\/12\/zafu-ginko-dessus-2048x1975.jpg 2048w, https:\/\/zafusetfutons.com\/wp-content\/uploads\/2025\/12\/zafu-ginko-dessus-311x300.jpg 311w\" sizes=\"auto, (max-width: 700px) 100vw, 700px\" \/><\/figure>\n<\/figure>\n\n\n\n<figure class=\"wp-block-gallery has-nested-images columns-default is-cropped wp-block-gallery-4 is-layout-flex wp-block-gallery-is-layout-flex\">\n<figure class=\"wp-block-image size-large\"><img loading=\"lazy\" decoding=\"async\" width=\"700\" height=\"539\" data-id=\"13959\" src=\"https:\/\/zafusetfutons.com\/wp-content\/uploads\/2025\/12\/zafu-relief-bleu-700x539.jpg\" alt=\"\" class=\"wp-image-13959\" srcset=\"https:\/\/zafusetfutons.com\/wp-content\/uploads\/2025\/12\/zafu-relief-bleu-700x539.jpg 700w, https:\/\/zafusetfutons.com\/wp-content\/uploads\/2025\/12\/zafu-relief-bleu-300x231.jpg 300w, https:\/\/zafusetfutons.com\/wp-content\/uploads\/2025\/12\/zafu-relief-bleu-768x591.jpg 768w, https:\/\/zafusetfutons.com\/wp-content\/uploads\/2025\/12\/zafu-relief-bleu-1536x1182.jpg 1536w, https:\/\/zafusetfutons.com\/wp-content\/uploads\/2025\/12\/zafu-relief-bleu-2048x1576.jpg 2048w, https:\/\/zafusetfutons.com\/wp-content\/uploads\/2025\/12\/zafu-relief-bleu-390x300.jpg 390w\" sizes=\"auto, (max-width: 700px) 100vw, 700px\" \/><\/figure>\n\n\n\n<figure class=\"wp-block-image size-large\"><img loading=\"lazy\" decoding=\"async\" width=\"700\" height=\"616\" data-id=\"13960\" src=\"https:\/\/zafusetfutons.com\/wp-content\/uploads\/2025\/12\/zafu-lignes-bleues-700x616.jpg\" alt=\"\" class=\"wp-image-13960\" srcset=\"https:\/\/zafusetfutons.com\/wp-content\/uploads\/2025\/12\/zafu-lignes-bleues-700x616.jpg 700w, https:\/\/zafusetfutons.com\/wp-content\/uploads\/2025\/12\/zafu-lignes-bleues-300x264.jpg 300w, https:\/\/zafusetfutons.com\/wp-content\/uploads\/2025\/12\/zafu-lignes-bleues-768x676.jpg 768w, https:\/\/zafusetfutons.com\/wp-content\/uploads\/2025\/12\/zafu-lignes-bleues-1536x1352.jpg 1536w, https:\/\/zafusetfutons.com\/wp-content\/uploads\/2025\/12\/zafu-lignes-bleues-2048x1803.jpg 2048w, https:\/\/zafusetfutons.com\/wp-content\/uploads\/2025\/12\/zafu-lignes-bleues-341x300.jpg 341w\" sizes=\"auto, (max-width: 700px) 100vw, 700px\" \/><\/figure>\n<\/figure>\n\n\n\n<figure class=\"wp-block-gallery has-nested-images columns-default is-cropped wp-block-gallery-5 is-layout-flex wp-block-gallery-is-layout-flex\">\n<figure class=\"wp-block-image size-large\"><img loading=\"lazy\" decoding=\"async\" width=\"700\" height=\"652\" data-id=\"13400\" src=\"https:\/\/zafusetfutons.com\/wp-content\/uploads\/2025\/10\/zafu-coquille-et-poignee-noire-700x652.jpg\" alt=\"\" class=\"wp-image-13400\" srcset=\"https:\/\/zafusetfutons.com\/wp-content\/uploads\/2025\/10\/zafu-coquille-et-poignee-noire-700x652.jpg 700w, https:\/\/zafusetfutons.com\/wp-content\/uploads\/2025\/10\/zafu-coquille-et-poignee-noire-300x279.jpg 300w, https:\/\/zafusetfutons.com\/wp-content\/uploads\/2025\/10\/zafu-coquille-et-poignee-noire-768x715.jpg 768w, https:\/\/zafusetfutons.com\/wp-content\/uploads\/2025\/10\/zafu-coquille-et-poignee-noire-1536x1430.jpg 1536w, https:\/\/zafusetfutons.com\/wp-content\/uploads\/2025\/10\/zafu-coquille-et-poignee-noire-2048x1907.jpg 2048w, https:\/\/zafusetfutons.com\/wp-content\/uploads\/2025\/10\/zafu-coquille-et-poignee-noire-322x300.jpg 322w\" sizes=\"auto, (max-width: 700px) 100vw, 700px\" \/><\/figure>\n\n\n\n<figure class=\"wp-block-image size-large\"><img loading=\"lazy\" decoding=\"async\" width=\"700\" height=\"612\" data-id=\"6870\" src=\"https:\/\/zafusetfutons.com\/wp-content\/uploads\/2024\/12\/zafu-coquille-et-poignee-jaune-700x612.jpg\" alt=\"\" class=\"wp-image-6870\" srcset=\"https:\/\/zafusetfutons.com\/wp-content\/uploads\/2024\/12\/zafu-coquille-et-poignee-jaune-700x612.jpg 700w, https:\/\/zafusetfutons.com\/wp-content\/uploads\/2024\/12\/zafu-coquille-et-poignee-jaune-300x262.jpg 300w, https:\/\/zafusetfutons.com\/wp-content\/uploads\/2024\/12\/zafu-coquille-et-poignee-jaune-768x671.jpg 768w, https:\/\/zafusetfutons.com\/wp-content\/uploads\/2024\/12\/zafu-coquille-et-poignee-jaune-1536x1343.jpg 1536w, https:\/\/zafusetfutons.com\/wp-content\/uploads\/2024\/12\/zafu-coquille-et-poignee-jaune-2048x1791.jpg 2048w, https:\/\/zafusetfutons.com\/wp-content\/uploads\/2024\/12\/zafu-coquille-et-poignee-jaune-343x300.jpg 343w\" sizes=\"auto, (max-width: 700px) 100vw, 700px\" \/><\/figure>\n<\/figure>\n","protected":false},"excerpt":{"rendered":"<p>L&rsquo;enveloppe du zafu est ici r\u00e9alis\u00e9e avec un tissu \u00e0 motifs. Ces tissus de qualit\u00e9 sont choisis avec soin, doubl\u00e9s si n\u00e9cessaire, neufs ou parfois d&rsquo;anciens tissus chin\u00e9s ici ou l\u00e0&#8230; Il est possible de r\u00e9aliser un zafu \u00e0 motifs avec votre propre tissu : aussi bien un tissu achet\u00e9 neuf ou pour transformer un&#8230; <\/p>\n<div class=\"link-more\"><a href=\"https:\/\/zafusetfutons.com\/index.php\/zafus-a-motifs\/\">En savoir plus<\/a><\/div>\n","protected":false},"author":1,"featured_media":13964,"parent":0,"menu_order":0,"comment_status":"closed","ping_status":"closed","template":"","meta":{"footnotes":""},"class_list":["post-76","page","type-page","status-publish","has-post-thumbnail","hentry"],"_links":{"self":[{"href":"https:\/\/zafusetfutons.com\/index.php\/wp-json\/wp\/v2\/pages\/76","targetHints":{"allow":["GET"]}}],"collection":[{"href":"https:\/\/zafusetfutons.com\/index.php\/wp-json\/wp\/v2\/pages"}],"about":[{"href":"https:\/\/zafusetfutons.com\/index.php\/wp-json\/wp\/v2\/types\/page"}],"author":[{"embeddable":true,"href":"https:\/\/zafusetfutons.com\/index.php\/wp-json\/wp\/v2\/users\/1"}],"replies":[{"embeddable":true,"href":"https:\/\/zafusetfutons.com\/index.php\/wp-json\/wp\/v2\/comments?post=76"}],"version-history":[{"count":50,"href":"https:\/\/zafusetfutons.com\/index.php\/wp-json\/wp\/v2\/pages\/76\/revisions"}],"predecessor-version":[{"id":13965,"href":"https:\/\/zafusetfutons.com\/index.php\/wp-json\/wp\/v2\/pages\/76\/revisions\/13965"}],"wp:featuredmedia":[{"embeddable":true,"href":"https:\/\/zafusetfutons.com\/index.php\/wp-json\/wp\/v2\/media\/13964"}],"wp:attachment":[{"href":"https:\/\/zafusetfutons.com\/index.php\/wp-json\/wp\/v2\/media?parent=76"}],"curies":[{"name":"wp","href":"https:\/\/api.w.org\/{rel}","templated":true}]}}