{"id":82,"date":"2022-02-11T15:45:06","date_gmt":"2022-02-11T14:45:06","guid":{"rendered":"http:\/\/zafusetfutons.com\/?page_id=82"},"modified":"2024-03-18T13:28:17","modified_gmt":"2024-03-18T12:28:17","slug":"zafus-brodes","status":"publish","type":"page","link":"https:\/\/zafusetfutons.com\/index.php\/zafus-brodes\/","title":{"rendered":"zafus brod\u00e9s"},"content":{"rendered":"<p><strong>Pi\u00e8ces uniques ou tr\u00e8s petites s\u00e9ries<\/strong>, l&rsquo;enveloppe du <a href=\"https:\/\/zafusetfutons.com\/index.php\/acceuil\/\" target=\"_blank\" rel=\"noopener\"><strong>zafu<\/strong><\/a> est \u00ab\u00a0brod\u00e9e\u00a0\u00bb manuellement \u00e0 la machine \u00e0 coudre et\/ou enrichie d&rsquo;appliqu\u00e9s, sur l&rsquo;une ou les deux faces du <strong><a href=\"https:\/\/zafusetfutons.com\/index.php\/acceuil\/\" target=\"_blank\" rel=\"noopener\">zafu<\/a><\/strong>&#8230;Mes th\u00e8mes d&rsquo;inspiration varient au fil du temps, et sont inspir\u00e9s de formes <strong>animales<\/strong>, <strong>v\u00e9g\u00e9tales<\/strong>, de <strong>motifs ornementaux<\/strong> ou <strong>symboliques<\/strong>. Il est bien sur possible de r\u00e9aliser un <a href=\"https:\/\/zafusetfutons.com\/index.php\/acceuil\/\" target=\"_blank\" rel=\"noopener\"><strong>zafu<\/strong><\/a> brod\u00e9 personnalis\u00e9 \u00e0 dessein.<\/p>\n<p><strong>Dimensions<\/strong> : 1kg de <a href=\"https:\/\/zafusetfutons.com\/index.php\/2023\/02\/07\/le-kapok\/\" target=\"_blank\" rel=\"noopener\"><strong>kapok<\/strong><\/a> ou de <a href=\"https:\/\/zafusetfutons.com\/index.php\/2023\/02\/07\/laine\/\" target=\"_blank\" rel=\"noopener\"><strong>flocons de laine<\/strong><\/a> dans une enveloppe de 15cm de c\u00f4t\u00e9 par 30cm de diam\u00e8tre, \u00e9quivalant \u00e0 un zafu de <strong>hauteur 20cm et diam\u00e8tre 35cm<\/strong>. Enveloppe en <strong><a href=\"https:\/\/zafusetfutons.com\/index.php\/2023\/02\/07\/tissus-bio\/\" target=\"_blank\" rel=\"noopener\">coton issu de l\u2019agriculture biologique<\/a>, <\/strong>noir ou de <a href=\"http:\/\/zafusetfutons.com\/index.php\/nuancier\/\" target=\"_blank\" rel=\"noopener\"><strong>couleurs<\/strong><\/a>\u00a0 ;\u00a0 renforc\u00e9e sur le dessus et le dessous par une double \u00e9paisseur. Poign\u00e9e en coton uni ou \u00e0 motifs coordonn\u00e9s au niveau de l\u2019ouverture lat\u00e9rale.<\/p>\n<h6>Prix :\u00a0 de 70 \u00e0 90\u20ac selon le mod\u00e8le,ou sur devis.\u00a0 port : 8\u20ac<\/h6>\n<p><img loading=\"lazy\" decoding=\"async\" class=\"aligncenter wp-image-945 size-large\" src=\"https:\/\/zafusetfutons.com\/wp-content\/uploads\/2017\/12\/zafu-brod\u00e9-papillon-2-700x696.jpg\" alt=\"\" width=\"700\" height=\"696\" srcset=\"https:\/\/zafusetfutons.com\/wp-content\/uploads\/2017\/12\/zafu-brod\u00e9-papillon-2-700x696.jpg 700w, https:\/\/zafusetfutons.com\/wp-content\/uploads\/2017\/12\/zafu-brod\u00e9-papillon-2-150x150.jpg 150w, https:\/\/zafusetfutons.com\/wp-content\/uploads\/2017\/12\/zafu-brod\u00e9-papillon-2-300x298.jpg 300w, https:\/\/zafusetfutons.com\/wp-content\/uploads\/2017\/12\/zafu-brod\u00e9-papillon-2-768x763.jpg 768w, https:\/\/zafusetfutons.com\/wp-content\/uploads\/2017\/12\/zafu-brod\u00e9-papillon-2-302x300.jpg 302w\" sizes=\"auto, (max-width: 700px) 100vw, 700px\" \/><\/p>\n<p><img loading=\"lazy\" decoding=\"async\" class=\"wp-image-890 aligncenter\" src=\"http:\/\/zafusetfutons.com\/wp-content\/uploads\/2017\/12\/zafu-Clara-700x700.jpg\" alt=\"\" width=\"646\" height=\"646\" srcset=\"https:\/\/zafusetfutons.com\/wp-content\/uploads\/2017\/12\/zafu-Clara-700x700.jpg 700w, https:\/\/zafusetfutons.com\/wp-content\/uploads\/2017\/12\/zafu-Clara-150x150.jpg 150w, https:\/\/zafusetfutons.com\/wp-content\/uploads\/2017\/12\/zafu-Clara-300x300.jpg 300w, https:\/\/zafusetfutons.com\/wp-content\/uploads\/2017\/12\/zafu-Clara-768x768.jpg 768w\" sizes=\"auto, (max-width: 646px) 100vw, 646px\" \/><\/p>\n<p><img loading=\"lazy\" decoding=\"async\" class=\"aligncenter wp-image-605 \" src=\"https:\/\/zafusetfutons.com\/wp-content\/uploads\/2017\/01\/zafu-peyolt-jaune-700x617.jpg\" alt=\"\" width=\"644\" height=\"568\" srcset=\"https:\/\/zafusetfutons.com\/wp-content\/uploads\/2017\/01\/zafu-peyolt-jaune-700x617.jpg 700w, https:\/\/zafusetfutons.com\/wp-content\/uploads\/2017\/01\/zafu-peyolt-jaune-300x264.jpg 300w, https:\/\/zafusetfutons.com\/wp-content\/uploads\/2017\/01\/zafu-peyolt-jaune-768x677.jpg 768w, https:\/\/zafusetfutons.com\/wp-content\/uploads\/2017\/01\/zafu-peyolt-jaune-340x300.jpg 340w\" sizes=\"auto, (max-width: 644px) 100vw, 644px\" \/><\/p>\n<p><img loading=\"lazy\" decoding=\"async\" class=\"wp-image-609 aligncenter\" src=\"http:\/\/zafusetfutons.com\/wp-content\/uploads\/2017\/12\/zafu-t\u00eate-de-mort-dragon-7-700x588.jpg\" alt=\"\" width=\"646\" height=\"542\" srcset=\"https:\/\/zafusetfutons.com\/wp-content\/uploads\/2017\/12\/zafu-t\u00eate-de-mort-dragon-7-700x588.jpg 700w, https:\/\/zafusetfutons.com\/wp-content\/uploads\/2017\/12\/zafu-t\u00eate-de-mort-dragon-7-300x252.jpg 300w, https:\/\/zafusetfutons.com\/wp-content\/uploads\/2017\/12\/zafu-t\u00eate-de-mort-dragon-7-768x645.jpg 768w, https:\/\/zafusetfutons.com\/wp-content\/uploads\/2017\/12\/zafu-t\u00eate-de-mort-dragon-7-357x300.jpg 357w\" sizes=\"auto, (max-width: 646px) 100vw, 646px\" \/><\/p>\n<p><img loading=\"lazy\" decoding=\"async\" class=\"alignnone wp-image-433\" src=\"http:\/\/zafusetfutons.com\/wp-content\/uploads\/2017\/02\/tdm-fond-rouge-3-1-300x199.jpg\" alt=\"\" width=\"320\" height=\"213\" srcset=\"https:\/\/zafusetfutons.com\/wp-content\/uploads\/2017\/02\/tdm-fond-rouge-3-1-300x199.jpg 300w, https:\/\/zafusetfutons.com\/wp-content\/uploads\/2017\/02\/tdm-fond-rouge-3-1-768x510.jpg 768w, https:\/\/zafusetfutons.com\/wp-content\/uploads\/2017\/02\/tdm-fond-rouge-3-1-700x465.jpg 700w, https:\/\/zafusetfutons.com\/wp-content\/uploads\/2017\/02\/tdm-fond-rouge-3-1-960x640.jpg 960w, https:\/\/zafusetfutons.com\/wp-content\/uploads\/2017\/02\/tdm-fond-rouge-3-1-452x300.jpg 452w\" sizes=\"auto, (max-width: 320px) 100vw, 320px\" \/>\u00a0 <img loading=\"lazy\" decoding=\"async\" class=\"alignnone wp-image-432\" src=\"http:\/\/zafusetfutons.com\/wp-content\/uploads\/2017\/02\/tdm-rouge-et-fleurs-300x199.jpg\" alt=\"\" width=\"320\" height=\"213\" srcset=\"https:\/\/zafusetfutons.com\/wp-content\/uploads\/2017\/02\/tdm-rouge-et-fleurs-300x199.jpg 300w, https:\/\/zafusetfutons.com\/wp-content\/uploads\/2017\/02\/tdm-rouge-et-fleurs-768x510.jpg 768w, https:\/\/zafusetfutons.com\/wp-content\/uploads\/2017\/02\/tdm-rouge-et-fleurs-700x465.jpg 700w, https:\/\/zafusetfutons.com\/wp-content\/uploads\/2017\/02\/tdm-rouge-et-fleurs-960x640.jpg 960w, https:\/\/zafusetfutons.com\/wp-content\/uploads\/2017\/02\/tdm-rouge-et-fleurs-452x300.jpg 452w\" sizes=\"auto, (max-width: 320px) 100vw, 320px\" \/> <img loading=\"lazy\" decoding=\"async\" class=\"alignnone wp-image-436\" src=\"http:\/\/zafusetfutons.com\/wp-content\/uploads\/2017\/01\/tdm-fond-noir-2-1-300x199.jpg\" alt=\"\" width=\"320\" height=\"213\" srcset=\"https:\/\/zafusetfutons.com\/wp-content\/uploads\/2017\/01\/tdm-fond-noir-2-1-300x199.jpg 300w, https:\/\/zafusetfutons.com\/wp-content\/uploads\/2017\/01\/tdm-fond-noir-2-1-768x510.jpg 768w, https:\/\/zafusetfutons.com\/wp-content\/uploads\/2017\/01\/tdm-fond-noir-2-1-700x465.jpg 700w, https:\/\/zafusetfutons.com\/wp-content\/uploads\/2017\/01\/tdm-fond-noir-2-1-960x640.jpg 960w, https:\/\/zafusetfutons.com\/wp-content\/uploads\/2017\/01\/tdm-fond-noir-2-1-452x300.jpg 452w\" sizes=\"auto, (max-width: 320px) 100vw, 320px\" \/>\u00a0 <img loading=\"lazy\" decoding=\"async\" class=\"alignnone wp-image-435\" src=\"http:\/\/zafusetfutons.com\/wp-content\/uploads\/2017\/01\/tdm-fond-noir-1-1-300x199.jpg\" alt=\"\" width=\"320\" height=\"213\" srcset=\"https:\/\/zafusetfutons.com\/wp-content\/uploads\/2017\/01\/tdm-fond-noir-1-1-300x199.jpg 300w, https:\/\/zafusetfutons.com\/wp-content\/uploads\/2017\/01\/tdm-fond-noir-1-1-768x510.jpg 768w, https:\/\/zafusetfutons.com\/wp-content\/uploads\/2017\/01\/tdm-fond-noir-1-1-700x465.jpg 700w, https:\/\/zafusetfutons.com\/wp-content\/uploads\/2017\/01\/tdm-fond-noir-1-1-960x640.jpg 960w, https:\/\/zafusetfutons.com\/wp-content\/uploads\/2017\/01\/tdm-fond-noir-1-1-452x300.jpg 452w\" sizes=\"auto, (max-width: 320px) 100vw, 320px\" \/><\/p>\n<p><img loading=\"lazy\" decoding=\"async\" class=\"alignnone wp-image-418\" src=\"http:\/\/zafusetfutons.com\/wp-content\/uploads\/2017\/02\/coeur-rose-300x199.jpg\" alt=\"\" width=\"646\" height=\"429\" srcset=\"https:\/\/zafusetfutons.com\/wp-content\/uploads\/2017\/02\/coeur-rose-300x199.jpg 300w, https:\/\/zafusetfutons.com\/wp-content\/uploads\/2017\/02\/coeur-rose-768x510.jpg 768w, https:\/\/zafusetfutons.com\/wp-content\/uploads\/2017\/02\/coeur-rose-700x465.jpg 700w, https:\/\/zafusetfutons.com\/wp-content\/uploads\/2017\/02\/coeur-rose-452x300.jpg 452w\" sizes=\"auto, (max-width: 646px) 100vw, 646px\" \/><\/p>\n","protected":false},"excerpt":{"rendered":"<p>Pi\u00e8ces uniques ou tr\u00e8s petites s\u00e9ries, l&rsquo;enveloppe du zafu est \u00ab\u00a0brod\u00e9e\u00a0\u00bb manuellement \u00e0 la machine \u00e0 coudre et\/ou enrichie d&rsquo;appliqu\u00e9s, sur l&rsquo;une ou les deux faces du zafu&#8230;Mes th\u00e8mes d&rsquo;inspiration varient au fil du temps, et sont inspir\u00e9s de formes animales, v\u00e9g\u00e9tales, de motifs ornementaux ou symboliques. Il est bien sur possible de r\u00e9aliser un&#8230; <\/p>\n<div class=\"link-more\"><a href=\"https:\/\/zafusetfutons.com\/index.php\/zafus-brodes\/\">En savoir plus<\/a><\/div>\n","protected":false},"author":1,"featured_media":636,"parent":0,"menu_order":0,"comment_status":"closed","ping_status":"closed","template":"","meta":{"footnotes":""},"class_list":["post-82","page","type-page","status-publish","has-post-thumbnail","hentry"],"_links":{"self":[{"href":"https:\/\/zafusetfutons.com\/index.php\/wp-json\/wp\/v2\/pages\/82","targetHints":{"allow":["GET"]}}],"collection":[{"href":"https:\/\/zafusetfutons.com\/index.php\/wp-json\/wp\/v2\/pages"}],"about":[{"href":"https:\/\/zafusetfutons.com\/index.php\/wp-json\/wp\/v2\/types\/page"}],"author":[{"embeddable":true,"href":"https:\/\/zafusetfutons.com\/index.php\/wp-json\/wp\/v2\/users\/1"}],"replies":[{"embeddable":true,"href":"https:\/\/zafusetfutons.com\/index.php\/wp-json\/wp\/v2\/comments?post=82"}],"version-history":[{"count":36,"href":"https:\/\/zafusetfutons.com\/index.php\/wp-json\/wp\/v2\/pages\/82\/revisions"}],"predecessor-version":[{"id":1543,"href":"https:\/\/zafusetfutons.com\/index.php\/wp-json\/wp\/v2\/pages\/82\/revisions\/1543"}],"wp:featuredmedia":[{"embeddable":true,"href":"https:\/\/zafusetfutons.com\/index.php\/wp-json\/wp\/v2\/media\/636"}],"wp:attachment":[{"href":"https:\/\/zafusetfutons.com\/index.php\/wp-json\/wp\/v2\/media?parent=82"}],"curies":[{"name":"wp","href":"https:\/\/api.w.org\/{rel}","templated":true}]}}